{"id":20892,"date":"2024-08-21T15:21:04","date_gmt":"2024-08-21T21:21:04","guid":{"rendered":"https:\/\/pacepartners.com\/acerca-de-nosotros\/conozca-al-equipo\/"},"modified":"2026-03-10T11:32:01","modified_gmt":"2026-03-10T17:32:01","slug":"conozca-al-equipo","status":"publish","type":"page","link":"https:\/\/pacepartners.com\/es\/acerca-de-nosotros\/conozca-al-equipo\/","title":{"rendered":"Conozca al equipo"},"content":{"rendered":"<div class=\"wpb-content-wrapper\"><p>[vc_row top_padding=\u00bb20&#8243; bottom_padding=\u00bb20&#8243;][vc_column width=\u00bb1\/1&#8243;][vc_column_text]<\/p>\n<h1>Conozca al equipo<\/h1>\n<p>[\/vc_column_text][\/vc_column][\/vc_row][vc_row bottom_padding=\u00bb20&#8243;][vc_column width=\u00bb1\/1&#8243;][vc_column_text]Los asesores de sostenibilidad empresarial de PACE son nuestro recurso m\u00e1s valioso, y trabajar con ellos es totalmente gratuito. Aportan un amplio abanico de experiencia y conocimientos t\u00e9cnicos y trabajan individualmente con cada empresa para ayudarla a alcanzar sus objetivos de sostenibilidad personalizados. En conjunto, el equipo actual ha asesorado a m\u00e1s de 1,500 empresas en 3,000 actualizaciones.<\/p>\n<p>Cada uno de nuestros asesores de PACE puede proporcionar asistencia l\u00edder en el sector con todos los elementos de la sostenibilidad empresarial en el condado de Boulder. Algunos tienen conocimientos adicionales, como ubicaciones geogr\u00e1ficas, idiomas y programas concretos, que se describen a continuaci\u00f3n. \u00a1Estamos deseando trabajar con usted!<\/p>\n<p>La financiaci\u00f3n del personal de PACE procede del impuesto de sostenibilidad del condado de Boulder y del impuesto clim\u00e1tico de la ciudad de Boulder.[\/vc_column_text][\/vc_column][\/vc_row][vc_row top_padding=\u00bb20&#8243; bottom_padding=\u00bb20&#8243;][vc_column width=\u00bb1\/3&#8243;][vc_single_image image=\u00bb19091&#8243; img_size=\u00bbfull\u00bb alignment=\u00bbcenter\u00bb css=\u00bb.vc_custom_1723585244602{margin-bottom: 0px !important;padding-bottom: 10px !important;}\u00bb][vc_column_text]<\/p>\n<h2 class=\"pace-names\">Ambra Sutherlin (she\/her)<\/h2>\n<p><span class=\"pace-biz-titles\">Asesora comercial s\u00e9nior<\/span><\/p>\n<p>Ambra es la asesora principal de PACE y se especializa en trabajar con <strong>oficinas, organizaciones religiosas, f\u00e1bricas y establecimientos de cannabis<\/strong>. Es profesional acreditada por LEED y se centra en inventarios de gases de efecto invernadero, eficiencia energ\u00e9tica y electrificaci\u00f3n.<\/p>\n<p>Ambra lleva 11 a\u00f1os en PACE y se dedica a ayudar a las empresas locales a alcanzar sus objetivos. En su tiempo libre, le gusta practicar senderismo, ciclismo, snowboard y viajar por el mundo.[\/vc_column_text][\/vc_column][vc_column width=\u00bb1\/3&#8243;][vc_single_image image=\u00bb19071&#8243; img_size=\u00bbfull\u00bb alignment=\u00bbcenter\u00bb css=\u00bb.vc_custom_1723583005317{margin-bottom: 0px !important;padding-bottom: 10px !important;}\u00bb][vc_column_text]<\/p>\n<h2 class=\"pace-names\">Andy Kadlec (he\/him)<\/h2>\n<p><span class=\"pace-biz-titles\">Especialista en electrificaci\u00f3n multifamiliar<\/span><\/p>\n<p>Andy se centra en los esfuerzos de PACE relacionados con la <strong>electrificaci\u00f3n <\/strong>en <strong>edificios multifamiliares<\/strong>, incluyendo apartamentos, condominios y HOA en todo <strong>el condado de Boulder<\/strong>.<\/p>\n<p>Antes de unirse a PACE, Andy pas\u00f3 la \u00faltima d\u00e9cada trabajando en la preservaci\u00f3n, gesti\u00f3n y desarrollo de viviendas econ\u00f3micas en todo Colorado. En su tiempo libre, lo encontrar\u00e1 por los senderos locales corriendo o en bicicleta.[\/vc_column_text][\/vc_column][vc_column width=\u00bb1\/3&#8243;][vc_single_image image=\u00bb19034&#8243; img_size=\u00bbfull\u00bb alignment=\u00bbcenter\u00bb css=\u00bb.vc_custom_1721861450957{margin-bottom: 0px !important;padding-bottom: 10px !important;}\u00bb][vc_column_text]<\/p>\n<h2 class=\"pace-names\">Elizabeth French (she\/her)<\/h2>\n<p><span class=\"pace-biz-titles\">Gerente de programas comerciales<\/span><\/p>\n<p>Elizabeth <strong>dirige las operaciones de PACE<\/strong> y desarrolla asociaciones comunitarias. Tambi\u00e9n participa activamente en <strong>el dise\u00f1o y la ejecuci\u00f3n de programas<\/strong>.<\/p>\n<p>Elizabeth obtuvo un m\u00e1ster en pol\u00edtica y gesti\u00f3n medioambiental de la Universidad de Denver y un certificado de estudios avanzados en energ\u00eda y sostenibilidad. Antes de incorporarse a PACE, Elizabeth trabaj\u00f3 con organizaciones sin fines de lucro dedicadas a la sostenibilidad en Denver y el valle de Vail. Elizabeth es tambi\u00e9n orgullosa madre de dos hijos.[\/vc_column_text][\/vc_column][\/vc_row][vc_row top_padding=\u00bb30&#8243; bottom_padding=\u00bb20&#8243;][vc_column width=\u00bb1\/3&#8243;][vc_single_image image=\u00bb19088&#8243; img_size=\u00bbfull\u00bb alignment=\u00bbcenter\u00bb css=\u00bb.vc_custom_1723585033612{margin-bottom: 0px !important;padding-bottom: 10px !important;}\u00bb][vc_column_text]<\/p>\n<h2 class=\"pace-names\">Jenn Dingman (she\/her)<\/h2>\n<p><span class=\"pace-biz-titles\">Asesora de sostenibilidad comercial<\/span><\/p>\n<p>Jenn trabaja con empresas de <strong>Louisville<\/strong>, <strong>Lafayette<\/strong>, <strong>Nederland <\/strong>y <strong>la zona no constituida del condado de Boulder<\/strong>. Se centra en la equidad de la peque\u00f1a empresa, equipos de cocina, actualizaciones de iluminaci\u00f3n, electrificaci\u00f3n de edificios y m\u00e1s.<\/p>\n<p>Jenn es madre de tres hijos maravillosos y en su tiempo libre le encanta jugar al tenis, hacer senderismo, correr, montar en bicicleta y trabajar en el jard\u00edn. Jenn es licenciada por la Universidad de California y fue profesional de TI en su anterior carrera.[\/vc_column_text][\/vc_column][vc_column width=\u00bb1\/3&#8243;][vc_single_image image=\u00bb19037&#8243; img_size=\u00bbfull\u00bb alignment=\u00bbcenter\u00bb css=\u00bb.vc_custom_1721861804698{margin-bottom: 0px !important;padding-bottom: 10px !important;}\u00bb][vc_column_text]<\/p>\n<h2 class=\"pace-names\">Kelly Nelson (she\/her)<\/h2>\n<p><span class=\"pace-biz-titles\">Becaria de comunicaci\u00f3n de PACE<\/span><\/p>\n<p>Kelly apoya al equipo de PACE con todo lo relacionado con <strong>las comunicaciones<\/strong>, difundiendo los programas disponibles para los propietarios de empresas en <strong>todo el condado de Boulder<\/strong>.<\/p>\n<p>Kelly cuenta con muchos a\u00f1os de experiencia en marketing, administraci\u00f3n de sitios web y redes sociales. Se licenci\u00f3 en la Universidad de Purdue y es una orgullosa boilermaker. En su tiempo libre, le gusta practicar paddleboard, senderismo y leer. Tiene un hijo adolescente y dos gatos malgeniosos.[\/vc_column_text][\/vc_column][vc_column width=\u00bb1\/3&#8243;][vc_single_image image=\u00bb19074&#8243; img_size=\u00bbfull\u00bb alignment=\u00bbcenter\u00bb css=\u00bb.vc_custom_1723584418227{margin-bottom: 0px !important;padding-bottom: 10px !important;}\u00bb][vc_column_text]<\/p>\n<h2 class=\"pace-names\">Matt Hannon (he\/him)<\/h2>\n<p><span class=\"pace-biz-titles\">Asesora comercial s\u00e9nior<\/span><\/p>\n<p>Matt es el asesor principal de PACE para todo <strong>el condado de Boulder<\/strong> fuera de la ciudad de Boulder. Se centra en la equidad de las peque\u00f1as empresas, la energ\u00eda solar y las actualizaciones de iluminaci\u00f3n, pero puede ayudar a su empresa con <strong>todos los elementos de la sostenibilidad<\/strong>.<\/p>\n<p>Matt estudi\u00f3 sostenibilidad en la Universidad de Vermont y la Universidad de Montana. Tambi\u00e9n trabaj\u00f3 en el sector de la energ\u00eda solar en Washington D. C. En su tiempo libre le gusta hacer snowboard, jugar al f\u00fatbol y practicar senderismo.[\/vc_column_text][\/vc_column][\/vc_row][vc_row top_padding=\u00bb30&#8243; bottom_padding=\u00bb20&#8243; bg_position=\u00bbcenter center\u00bb][vc_column width=\u00bb1\/3&#8243;][vc_single_image image=\u00bb19055&#8243; img_size=\u00bbfull\u00bb alignment=\u00bbcenter\u00bb css=\u00bb.vc_custom_1722439859745{margin-bottom: 0px !important;padding-bottom: 10px !important;}\u00bb][vc_column_text]<\/p>\n<h2 class=\"pace-names\">Nat Williamson (she\/her)<\/h2>\n<p><span class=\"pace-biz-titles\">Becaria de sostenibilidad comercial<\/span><\/p>\n<p>Nat trabaja con empresas de la ciudad de Boulder y el condado de Boulder centr\u00e1ndose en <strong>los residuos cero<\/strong>, la <strong>electrificaci\u00f3n <\/strong>y <strong>el acceso equitativo a la descarbonizaci\u00f3n<\/strong>.<\/p>\n<p>Nat tiene un m\u00e1ster en sostenibilidad medioambiental por la Universidad de Colorado en Boulder y experiencia en estrategia de sostenibilidad para peque\u00f1as empresas. Le encanta la escalada, la bicicleta de monta\u00f1a, el rafting en r\u00e1pidos y sus dos adorables gatitos.[\/vc_column_text][\/vc_column][vc_column width=\u00bb1\/3&#8243;][vc_single_image image=\u00bb19093&#8243; img_size=\u00bbfull\u00bb alignment=\u00bbcenter\u00bb css=\u00bb.vc_custom_1723585229812{margin-bottom: 0px !important;padding-bottom: 10px !important;}\u00bb][vc_column_text]<\/p>\n<h2 class=\"pace-names\">Norma King (she\/her\/ella)<\/h2>\n<p><span class=\"pace-biz-titles\">PACE Programming and Community Relations Specialist<\/span><\/p>\n<p>Norma specializes in <strong>building strategic relationships and co-creating programs<\/strong> tailored to small businesses, with a focus on <strong>multicultural communities<\/strong>.<\/p>\n<p>Born in Colombia, Norma has over 18 years of experience in public relations and community outreach. Norma is bilingual and holds a Bachelor of Arts in Advertising and a Bachelor\u2019s degree in Marketing. She is currently a member of the Board of Directors for the Latino Chamber of Commerce of Boulder County.[\/vc_column_text][\/vc_column][vc_column width=\u00bb1\/3&#8243;][vc_single_image image=\u00bb19095&#8243; img_size=\u00bbfull\u00bb alignment=\u00bbcenter\u00bb css=\u00bb.vc_custom_1723585254829{margin-bottom: 0px !important;padding-bottom: 10px !important;}\u00bb][vc_column_text]<\/p>\n<h2 class=\"pace-names\">Shawn Rupp (he\/him)<\/h2>\n<p><span class=\"pace-biz-titles\">Especialista en electrificaci\u00f3n comercial<\/span><\/p>\n<p>Shawn dirige la programaci\u00f3n de PACE relacionada con <strong>la electrificaci\u00f3n de edificios<\/strong>, centr\u00e1ndose espec\u00edficamente en <strong>los edificios comerciales<\/strong>.<\/p>\n<p>Shawn tiene un m\u00e1ster en ingenier\u00eda arquitect\u00f3nica de la Universidad de California en Boulder y experiencia como ingeniero energ\u00e9tico de edificios y consultor en el sector energ\u00e9tico. Fuera del trabajo, Shawn disfruta de montar en bicicleta, jugar al f\u00fatbol y hornear.[\/vc_column_text][\/vc_column][\/vc_row][vc_row top_padding=\u00bb30&#8243; bottom_padding=\u00bb20&#8243; bg_position=\u00bbcenter center\u00bb][vc_column width=\u00bb1\/3&#8243;][vc_single_image image=\u00bb19046&#8243; img_size=\u00bbfull\u00bb alignment=\u00bbcenter\u00bb css=\u00bb.vc_custom_1722027018634{margin-bottom: 0px !important;padding-bottom: 10px !important;}\u00bb][vc_column_text]<\/p>\n<h2 class=\"pace-names\">Sophia Rivas (she\/her\/ella)<\/h2>\n<p><span class=\"pace-biz-titles\">Becaria biling\u00fce en sostenibilidad comercial<\/span><\/p>\n<p>Sophia apoya a las empresas de <strong>Longmont <\/strong>y el <strong>condado de Boulder<\/strong>. Se centra en <strong>la equidad de las peque\u00f1as empresas<\/strong>, <strong>el equipamiento de cocinas<\/strong> y <strong>la divulgaci\u00f3n relacionada con los residuos<\/strong>.<\/p>\n<p>Sophia est\u00e1 matriculada en el M\u00e1ster de Medio Ambiente (MENV) de la Universidad de Colorado en Boulder, con especializaci\u00f3n en Pol\u00edtica Medioambiental y de Recursos Naturales. En su tiempo libre, le gusta pasear a sus perros, el arte y la artesan\u00eda, hacer senderismo, hacer compras en tiendas de segunda mano y ver programas de televisi\u00f3n.[\/vc_column_text][\/vc_column][vc_column width=\u00bb1\/3&#8243;][vc_single_image image=\u00bb19097&#8243; img_size=\u00bbfull\u00bb alignment=\u00bbcenter\u00bb css=\u00bb.vc_custom_1723585270372{margin-bottom: 0px !important;padding-bottom: 10px !important;}\u00bb][vc_column_text]<\/p>\n<h2 class=\"pace-names\">Toby Russell (he\/him)<\/h2>\n<p><span class=\"pace-biz-titles\">Administrador del programa comercial<\/span><\/p>\n<p>Toby se centra en<strong> el dise\u00f1o<\/strong> y <strong>la ejecuci\u00f3n<\/strong> del programa de PACE.<\/p>\n<p>Toby lleva m\u00e1s de 12 a\u00f1os trabajando en el campo de la sostenibilidad. Durante ocho de esos a\u00f1os fue director general de Natural Capitalism Solutions, consultor de empresas y comunidades de todo el pa\u00eds.[\/vc_column_text][\/vc_column][vc_column width=\u00bb1\/3&#8243;][vc_single_image image=\u00bb18231&#8243; img_size=\u00bbfull\u00bb alignment=\u00bbcenter\u00bb css=\u00bb.vc_custom_1716929799146{margin-bottom: 0px !important;padding-bottom: 10px !important;}\u00bb][vc_column_text]<\/p>\n<h2 class=\"pace-names\">Tom Hardie (he\/him)<\/h2>\n<p><span class=\"pace-biz-titles\">Asesor comercial de energ\u00eda<\/span><\/p>\n<p>Tom trabaja principalmente con <strong>propietarios <\/strong>y <strong>organizaciones sin fines de lucro<\/strong> de la ciudad. Entre sus especialidades figuran la modelizaci\u00f3n de emisiones de gases de efecto invernadero, la electrificaci\u00f3n, la energ\u00eda solar y las actualizaciones del alumbrado.<\/p>\n<p>Tom es propietario de locales comerciales con experiencia pr\u00e1ctica en electrificaci\u00f3n de edificios, energ\u00eda solar, carga de veh\u00edculos el\u00e9ctricos, eficiencia h\u00eddrica y desv\u00edo sostenible de residuos.[\/vc_column_text][\/vc_column][\/vc_row][vc_row text_align=\u00bbcenter\u00bb top_padding=\u00bb30&#8243; bottom_padding=\u00bb30&#8243;][vc_column width=\u00bb1\/1&#8243;][vc_column_text]<\/p>\n<h2>\u00bfNo sabes a qui\u00e9n acudir?<\/h2>\n<p>[\/vc_column_text]<div class=\"spacer\" style=\"height: 20px;\"><\/div><a href=\"https:\/\/pacepartners.com\/about\/get-started\/\" target=\"_self\" class=\"button color-1 small \" style=\"border-radius: ;\">Get started here!<\/a>[\/vc_column][\/vc_row]<\/p>\n<\/div>","protected":false},"excerpt":{"rendered":"<p>[vc_row top_padding=\u00bb20&#8243; bottom_padding=\u00bb20&#8243;][vc_column width=\u00bb1\/1&#8243;][vc_column_text] Conozca al equipo [\/vc_column_text][\/vc_column][\/vc_row][vc_row bottom_padding=\u00bb20&#8243;][vc_column width=\u00bb1\/1&#8243;][vc_column_text]Los asesores de sostenibilidad empresarial de PACE son nuestro recurso m\u00e1s valioso, y trabajar con ellos es totalmente gratuito. Aportan un amplio abanico de experiencia y conocimientos t\u00e9cnicos y trabajan individualmente con cada empresa para ayudarla a alcanzar sus objetivos de sostenibilidad personalizados. En conjunto, el equipo actual ha asesorado a m\u00e1s de 1,500 empresas en 3,000 actualizaciones. Cada uno de nuestros asesores de PACE puede proporcionar asistencia l\u00edder en el sector con todos los elementos de la sostenibilidad empresarial en el condado de Boulder. Algunos tienen conocimientos adicionales, como ubicaciones geogr\u00e1ficas, idiomas y programas concretos, que se describen a continuaci\u00f3n. \u00a1Estamos deseando trabajar con usted! La financiaci\u00f3n del personal de PACE procede del impuesto de sostenibilidad del condado de Boulder y del impuesto clim\u00e1tico de la ciudad de Boulder.[\/vc_column_text][\/vc_column][\/vc_row][vc_row top_padding=\u00bb20&#8243; bottom_padding=\u00bb20&#8243;][vc_column width=\u00bb1\/3&#8243;][vc_single_image image=\u00bb19091&#8243; img_size=\u00bbfull\u00bb alignment=\u00bbcenter\u00bb css=\u00bb.vc_custom_1723585244602{margin-bottom: 0px !important;padding-bottom: 10px !important;}\u00bb][vc_column_text] Ambra Sutherlin (she\/her) Asesora comercial s\u00e9nior Ambra es la asesora principal de PACE y se especializa en trabajar con oficinas, organizaciones religiosas, f\u00e1bricas y establecimientos de cannabis. Es profesional acreditada por LEED y se centra en inventarios de gases de efecto invernadero, eficiencia energ\u00e9tica y electrificaci\u00f3n. Ambra lleva 11 a\u00f1os [&hellip;]<\/p>\n","protected":false},"author":3038,"featured_media":0,"parent":20619,"menu_order":0,"comment_status":"closed","ping_status":"closed","template":"","meta":{"_acf_changed":false,"footnotes":""},"class_list":["post-20892","page","type-page","status-publish","hentry"],"acf":[],"_links":{"self":[{"href":"https:\/\/pacepartners.com\/es\/wp-json\/wp\/v2\/pages\/20892","targetHints":{"allow":["GET"]}}],"collection":[{"href":"https:\/\/pacepartners.com\/es\/wp-json\/wp\/v2\/pages"}],"about":[{"href":"https:\/\/pacepartners.com\/es\/wp-json\/wp\/v2\/types\/page"}],"author":[{"embeddable":true,"href":"https:\/\/pacepartners.com\/es\/wp-json\/wp\/v2\/users\/3038"}],"replies":[{"embeddable":true,"href":"https:\/\/pacepartners.com\/es\/wp-json\/wp\/v2\/comments?post=20892"}],"version-history":[{"count":5,"href":"https:\/\/pacepartners.com\/es\/wp-json\/wp\/v2\/pages\/20892\/revisions"}],"predecessor-version":[{"id":20900,"href":"https:\/\/pacepartners.com\/es\/wp-json\/wp\/v2\/pages\/20892\/revisions\/20900"}],"up":[{"embeddable":true,"href":"https:\/\/pacepartners.com\/es\/wp-json\/wp\/v2\/pages\/20619"}],"wp:attachment":[{"href":"https:\/\/pacepartners.com\/es\/wp-json\/wp\/v2\/media?parent=20892"}],"curies":[{"name":"wp","href":"https:\/\/api.w.org\/{rel}","templated":true}]}}