{"id":20714,"date":"2018-01-09T15:38:33","date_gmt":"2018-01-09T22:38:33","guid":{"rendered":"https:\/\/pacepartners.com\/reembolsos-y-subsidios\/conservacion-de-agua-y-proteccion-de-agua-pluvial\/"},"modified":"2026-02-03T13:40:41","modified_gmt":"2026-02-03T20:40:41","slug":"conservacion-de-agua","status":"publish","type":"page","link":"https:\/\/pacepartners.com\/es\/reembolsos-y-subsidios\/conservacion-de-agua\/","title":{"rendered":"Conservaci\u00f3n de agua y protecci\u00f3n de agua pluvial"},"content":{"rendered":"<div class=\"wpb-content-wrapper\"><p>[vc_row top_padding=\u00bb20&#8243; bottom_padding=\u00bb20&#8243; bg_position=\u00bbleft top\u00bb][vc_column width=\u00bb1\/1&#8243;][vc_column_text]<\/p>\n<h1>Conservaci\u00f3n de agua y protecci\u00f3n de agua pluvial<\/h1>\n<p>[\/vc_column_text][\/vc_column][\/vc_row][vc_row top_padding=\u00bb0&#8243; bottom_padding=\u00bb40&#8243; bg_position=\u00bbleft top\u00bb][vc_column width=\u00bb1\/3&#8243;][vc_single_image image=\u00bb17884&#8243; img_size=\u00bbfull\u00bb css=\u00bb\u00bb][\/vc_column][vc_column width=\u00bb2\/3&#8243;][vc_column_text]Una empresa que hace un uso eficiente del agua desempe\u00f1a un papel fundamental en la conservaci\u00f3n y la protecci\u00f3n de las aguas pluviales. La cuenca hidrogr\u00e1fica de St. Vrain Creek, muy utilizada en el condado de Boulder, tiene 23 segmentos que cumplen o est\u00e1n cerca de cumplir los est\u00e1ndares de calidad del agua. Esto subraya la importancia de mejorar la eficiencia del agua y protecci\u00f3n de nuestros r\u00edos y arroyos contra la contaminaci\u00f3n del agua pluvial. Nuestro servicio de conservaci\u00f3n de agua del Condado de Boulder trabajar\u00e1 detr\u00e1s de escena para ahorrarle dinero en las facturas de agua, agua residual y energ\u00eda.<\/p>\n<p>Nuestros asesores de sostenibilidad comercial lo ayudan a:<\/p>\n<ul>\n<li>Evaluar e identificar oportunidades de conservaci\u00f3n de agua y eficiencia<\/li>\n<li>Realizar una evaluaci\u00f3n gratis del agua en su empresa<\/li>\n<li>Identificar actualizaciones r\u00e1pidas, como por ejemplo instalaci\u00f3n de artefactos de poco caudal o riego de noche<\/li>\n<li>Incorporar a empleados en esfuerzos para reducir el uso de agua<\/li>\n<li>Conectarse con herramientas e incentivos<\/li>\n<li>Obtener reconocimiento por sus esfuerzos<\/li>\n<li>Descubrir <a href=\"#simple-actions\">medidas sencillas de conservaci\u00f3n de agua<\/a> que su empresa en el Condado de Boulder puede tomar ahora<\/li>\n<\/ul>\n<p>[\/vc_column_text][\/vc_column][\/vc_row][vc_row bottom_padding=\u00bb40&#8243; bg_position=\u00bbleft top\u00bb][vc_column width=\u00bb1\/1&#8243;][vc_column_text]<\/p>\n<h2>Reembolsos e incentivos disponibles<\/h2>\n<p>[\/vc_column_text]<div class=\"divider divider1\" style='margin:0 0 20px 0 !important;'><\/div>[vc_column_text]Los incentivos de PACE est\u00e1n disponibles por orden de llegada. Las empresas deben <a href=\"https:\/\/pacepartners.com\/es\/acerca-de-nosotros\/contactenos\/\">comunicarse con un asesor<\/a> para confirmar la disponibilidad de fondos y asegurarse de que el proyecto cumple con los requisitos de elegibilidad.<\/p>\n<h3>Aireadores de grifos para lavado de manos<\/h3>\n<p>Los aireadores convencionales tienen un caudal de 2.2 galones por minuto (gpm). Actualizar a un aireador de 0.5 gpm de alta eficiencia es f\u00e1cil y poco costoso. Los aireadores de alta eficiencia reparten el agua en varios chorros como el cabezal de una regadera. PACE <strong>ofrece aireadores<\/strong> de grifos para lavado de manos de alta eficiencia y su asesor los instalar\u00e1 para usted.<\/p>\n<h3>Aireadores de grifos de fregaderos de cocina<\/h3>\n<p>Los aireadores de grifos de fregaderos de cocina convencionales tienen un caudal de 2.2 galones por minuto (gpm) y podr\u00edan actualizarse a un modelo de 1.5 gpm, lo que es f\u00e1cil y poco costoso. Con 1.5 gpm, puede reducir su uso de agua sin sacrificar presi\u00f3n. <strong>PACE ofrece aireadores<\/strong> de grifos de fregaderos de cocina de alta eficiencia y su asesor los instalar\u00e1 para usted.<\/p>\n<h3>V\u00e1lvulas rociadoras para preenjuague<\/h3>\n<p>PACE ofrece v\u00e1lvulas rociadoras para preenjuague gratis de alta eficiencia para aplicaciones de lavado de vajilla comercial. Un asesor ir\u00e1 a su empresa, medir\u00e1 el caudal de su equipo existente e instalar\u00e1 las nuevas v\u00e1lvulas rociadoras para preenjuague en el momento. Seg\u00fan la EPA, las empresas pueden ahorrar m\u00e1s de $115 al a\u00f1o en costos de energ\u00eda y agua si se pasan a una v\u00e1lvula rociadora para preenjuague de WaterSense, que tiene fuerza de roc\u00edo y una vida \u00fatil comprobada para asegurar un rendimiento equivalente en una cocina comercial. Contacte a su asesor para saber m\u00e1s.<\/p>\n<h3>Evaluaciones de riego de exterior<\/h3>\n<p><a href=\"https:\/\/resourcecentral.org\/slowtheflow\/non-residential\/\" target=\"_blank\" rel=\"noopener\">Slow the Flow <\/a>ofrece una opci\u00f3n r\u00e1pida e impactante para evaluar el proceso de riego de su propiedad comercial o HOA y hace sugerencias simples de cambios que reducir\u00e1n el derroche y eliminar\u00e1n la escorrent\u00eda. Los t\u00e9cnicos expertos de Slow the Flow realizar\u00e1n un an\u00e1lisis minucioso de su actual sistema de rociadores y proveer\u00e1n un informe completo que detalle los hallazgos y recomendaciones para mejorar la eficiencia.<\/p>\n<p>El servicio proveer\u00e1 sugerencias que lograr\u00e1n mejoras medibles en reducci\u00f3n de uso de agua, ahorrando dinero de su empresa y apoyando las metas de conservaci\u00f3n de la comunidad. Este servicio sin costo est\u00e1 disponible a trav\u00e9s de asociaciones con m\u00e1s de dos docenas de empresas del servicio p\u00fablico de agua por toda la cordillera frontal de Colorado.<\/p>\n<p><a href=\"http:\/\/resourcecentral.org\/water-eligibility-quiz\/\" target=\"_blank\" rel=\"noopener noreferrer\">Verifique su elegibilidad<\/a> para averiguar si cumple con los requisitos para una inspecci\u00f3n de exteriores de Slow the Flow. Si tiene m\u00e1s preguntas, <strong>llame al 303.999.3824.<\/strong><\/p>\n<h3>Lavavajillas y m\u00e1quinas de hielo<\/h3>\n<p>PACE ofrece <a href=\"https:\/\/pacepartners.com\/es\/energia\/#restaurante-supermercado\">descuentos para artefactos eficientes en materia de agua y energ\u00eda<\/a>. Pueden aplicarse m\u00e1s criterios de elegibilidad. Contacte a su asesor para conocer requisitos m\u00e1s detallados.[\/vc_column_text][\/vc_column][\/vc_row][vc_row bottom_padding=\u00bb40&#8243; bg_position=\u00bbleft top\u00bb][vc_column width=\u00bb1\/1&#8243;][vc_column_text el_class=\u00bbunderline-header\u00bb]<\/p>\n<h2>Simple Actions<\/h2>\n<p>[\/vc_column_text]<div class=\"divider divider1\" style='margin:0 0 20px 0 !important;'><\/div>[vc_column_text el_class=\u00bbunderline-header\u00bb]There are many simple, low-cost ways you can conserve water at your business. Read below for some ideas and reach out to an advisor at 303-786-7223 or <a href=\"mailto:info@PACEpartners.com\" target=\"_blank\" rel=\"noopener noreferrer\">info@PACEpartners.com<\/a> if you have any questions.<\/p>\n<ul>\n<li>Schedule a free PACE water assessment.<\/li>\n<li>Upgrade toilets, urinals and showerheads to WaterSense models.<\/li>\n<li>Upgrade to high efficiency aerators in kitchen and restroom faucets.<\/li>\n<li>Upgrade dishwashers and ice machines to ENERGY STAR models.<\/li>\n<li>Conduct regular visual inspections of fixtures and look and listen for leaks.<\/li>\n<li>Reduce water used for irrigation \u2013 visit <a href=\"https:\/\/resourcecentral.org\/slowtheflow\/non-residential\/\" target=\"_blank\" rel=\"noopener\"><u>Resource Central<\/u><\/a> and sign up for a free assessment of your existing sprinkler system.<\/li>\n<\/ul>\n<p>[\/vc_column_text][\/vc_column][\/vc_row][vc_row bottom_padding=\u00bb40&#8243; bg_position=\u00bbleft top\u00bb][vc_column width=\u00bb1\/1&#8243;][vc_column_text el_class=\u00bbunderline-header\u00bb]<\/p>\n<h2>Keep it Clean Partnership<\/h2>\n<p>[\/vc_column_text]<div class=\"divider divider1\" style='margin:0 0 20px 0 !important;'><\/div>[vc_column_text]Your business can help protect our watershed! Everyday tasks like receiving deliveries and routine cleaning and maintenance can potentially contaminate stormwater runoff with toxic chemicals, nutrients, and trash. <a href=\"https:\/\/www.keepitcleanpartnership.org\/\" target=\"_blank\" rel=\"noopener\">Keep it Clean Partnership<\/a> (KICP) is a partnership of communities sharing, coordinating, and developing resources to reduce stormwater pollution within the Boulder Creek and St. Vrain Creek watersheds.<\/p>\n<p class=\"ul-title\"><strong>KICP can help you protect our steams by:<\/strong><\/p>\n<ul>\n<li>Helping you learn the rules and regulations surrounding your business and water quality issues<\/li>\n<li>Providing <a href=\"https:\/\/www.keepitcleanpartnership.org\/resources\/for-businesses\/\" target=\"_blank\" rel=\"noopener\">free stormwater protection resources<\/a> to post at your business<\/li>\n<li>Pointing you towards additional resources to help keep our waterways clean<\/li>\n<\/ul>\n<p>[\/vc_column_text][\/vc_column][\/vc_row][vc_row bottom_padding=\u00bb60&#8243; bg_position=\u00bbleft top\u00bb][vc_column width=\u00bb1\/1&#8243;][vc_column_text el_class=\u00bbunderline-header\u00bb]<\/p>\n<h2>EPA Resources<\/h2>\n<p>[\/vc_column_text]<div class=\"divider divider1\" style='margin:0 0 20px 0 !important;'><\/div>[vc_column_text]Because each type of building has its own water conservation challenges, the <a href=\"https:\/\/www.epa.gov\/watersense\/types-facilities\" target=\"_blank\" rel=\"noopener\">EPA provides guidance based on facility type<\/a>. They also have a <a href=\"https:\/\/www.epa.gov\/sustainability\/lean-water-toolkit-contents-and-acknowledgements\" target=\"_blank\" rel=\"noopener\">Lean &amp; Water Toolkit<\/a> to help businesses align water conservation goals with lean initiatives and business best practices.<\/p>\n<p class=\"ul-title\"><strong>Other EPA Resources:<\/strong><\/p>\n<ul>\n<li><a href=\"https:\/\/www.epa.gov\/watersense\" target=\"_blank\" rel=\"noopener noreferrer\">EPA\u2019s WaterSense Program<\/a> \u2013 Online resource for saving water, including industry-specific practices, a water savings calculator, and case studies<\/li>\n<li><a href=\"https:\/\/www.epa.gov\/watersense\/best-management-practices\" target=\"_blank\" rel=\"noopener noreferrer\">EPA\u2019s WaterSense Best Management Practices<\/a> \u2013 For commercial and institutional facilities<\/li>\n<li><a href=\"https:\/\/cee1.org\/images\/pdf\/CEE_Commercial_Ice_Machines_Specification_Jul2022.pdf\" target=\"_blank\" rel=\"noopener noreferrer\">CEE&#8217;s Ice Maker Guidelines<\/a> \u2013 High-efficiency specifications for commercial ice makers<\/li>\n<\/ul>\n<p>[\/vc_column_text][\/vc_column][\/vc_row][vc_row bg_color=\u00bb#EDF6F1&#8243; top_padding=\u00bb40&#8243; bottom_padding=\u00bb40&#8243;][vc_column column_padding=\u00bbcustom-padding\u00bb column_custompadding=\u00bb0px 40px 0px 0px\u00bb column_center=\u00bbtrue\u00bb width=\u00bb1\/4&#8243;]<div class=\"single_image wpb_content_element align-center    \" data-animation=\"none\" data-delay=\"0\"><img loading=\"lazy\" decoding=\"async\" width=\"117\" height=\"150\" src=\"https:\/\/pacepartners.com\/wp-content\/uploads\/sites\/4\/2022\/09\/Studio-Z-Dental-117x150-1.png\" class=\"attachment-thumbnail\" alt=\"\" title=\"Studio-Z-Dental-117x150\" \/><\/div>[\/vc_column][vc_column width=\u00bb3\/4&#8243;][vc_column_text]<\/p>\n<h2>Testimonio de la comunidad<\/h2>\n<p>[\/vc_column_text]<div class=\"spacer\" style=\"height: 15px;\"><\/div>[vc_column_text]<a style=\"text-decoration: underline\" href=\"http:\/\/www.studiozdental.com\/\" target=\"_blank\" rel=\"noopener noreferrer\">Studio Z Dental<\/a> en Louisville obtuvo la certificaci\u00f3n de PACE de \u00c1rea de excelencia en conservaci\u00f3n de agua en 2014 y ahora usa un 77 por ciento menos de agua que un consultorio odontol\u00f3gico promedio. Un sistema de succi\u00f3n sin agua y pedales con cierre autom\u00e1tico en cada lavabo de manos ayudaron a Studio Z Dental a ahorrar la mayor cantidad posible de agua en una industria que tradicionalmente consume mucha agua. Aparte del agua, Studio Z compr\u00f3 alfombras no t\u00f3xicas hechas de materiales reciclados, adopt\u00f3 una pol\u00edtica de compras que incluye comprar papel hecho de material reciclado posconsumo y actualmente administra un programa de compostaje y reciclaje.[\/vc_column_text]<div class=\"spacer\" style=\"height: 20px;\"><\/div><a href=\"https:\/\/pacepartners.com\/get-started\/\" target=\"_self\" class=\"button color-7 small \" style=\"border-radius: 2px;\">Click Here to Get Started<\/a>[\/vc_column][\/vc_row]<\/p>\n<\/div>","protected":false},"excerpt":{"rendered":"<p>[vc_row top_padding=\u00bb20&#8243; bottom_padding=\u00bb20&#8243; bg_position=\u00bbleft top\u00bb][vc_column width=\u00bb1\/1&#8243;][vc_column_text] Conservaci\u00f3n de agua y protecci\u00f3n de agua pluvial [\/vc_column_text][\/vc_column][\/vc_row][vc_row top_padding=\u00bb0&#8243; bottom_padding=\u00bb40&#8243; bg_position=\u00bbleft top\u00bb][vc_column width=\u00bb1\/3&#8243;][vc_single_image image=\u00bb17884&#8243; img_size=\u00bbfull\u00bb css=\u00bb\u00bb][\/vc_column][vc_column width=\u00bb2\/3&#8243;][vc_column_text]Una empresa que hace un uso eficiente del agua desempe\u00f1a un papel fundamental en la conservaci\u00f3n y la protecci\u00f3n de las aguas pluviales. La cuenca hidrogr\u00e1fica de St. Vrain Creek, muy utilizada en el condado de Boulder, tiene 23 segmentos que cumplen o est\u00e1n cerca de cumplir los est\u00e1ndares de calidad del agua. Esto subraya la importancia de mejorar la eficiencia del agua y protecci\u00f3n de nuestros r\u00edos y arroyos contra la contaminaci\u00f3n del agua pluvial. Nuestro servicio de conservaci\u00f3n de agua del Condado de Boulder trabajar\u00e1 detr\u00e1s de escena para ahorrarle dinero en las facturas de agua, agua residual y energ\u00eda. Nuestros asesores de sostenibilidad comercial lo ayudan a: Evaluar e identificar oportunidades de conservaci\u00f3n de agua y eficiencia Realizar una evaluaci\u00f3n gratis del agua en su empresa Identificar actualizaciones r\u00e1pidas, como por ejemplo instalaci\u00f3n de artefactos de poco caudal o riego de noche Incorporar a empleados en esfuerzos para reducir el uso de agua Conectarse con herramientas e incentivos Obtener reconocimiento por sus esfuerzos Descubrir medidas sencillas de conservaci\u00f3n de agua que su empresa en [&hellip;]<\/p>\n","protected":false},"author":3003,"featured_media":0,"parent":20555,"menu_order":0,"comment_status":"open","ping_status":"closed","template":"","meta":{"_acf_changed":false,"footnotes":""},"class_list":["post-20714","page","type-page","status-publish","hentry"],"acf":[],"_links":{"self":[{"href":"https:\/\/pacepartners.com\/es\/wp-json\/wp\/v2\/pages\/20714","targetHints":{"allow":["GET"]}}],"collection":[{"href":"https:\/\/pacepartners.com\/es\/wp-json\/wp\/v2\/pages"}],"about":[{"href":"https:\/\/pacepartners.com\/es\/wp-json\/wp\/v2\/types\/page"}],"author":[{"embeddable":true,"href":"https:\/\/pacepartners.com\/es\/wp-json\/wp\/v2\/users\/3003"}],"replies":[{"embeddable":true,"href":"https:\/\/pacepartners.com\/es\/wp-json\/wp\/v2\/comments?post=20714"}],"version-history":[{"count":2,"href":"https:\/\/pacepartners.com\/es\/wp-json\/wp\/v2\/pages\/20714\/revisions"}],"predecessor-version":[{"id":20716,"href":"https:\/\/pacepartners.com\/es\/wp-json\/wp\/v2\/pages\/20714\/revisions\/20716"}],"up":[{"embeddable":true,"href":"https:\/\/pacepartners.com\/es\/wp-json\/wp\/v2\/pages\/20555"}],"wp:attachment":[{"href":"https:\/\/pacepartners.com\/es\/wp-json\/wp\/v2\/media?parent=20714"}],"curies":[{"name":"wp","href":"https:\/\/api.w.org\/{rel}","templated":true}]}}