{"id":20696,"date":"2018-01-09T19:23:04","date_gmt":"2018-01-10T02:23:04","guid":{"rendered":"https:\/\/pacepartners.com\/recursos\/para-propietarios-y-administradores-de-fincas\/"},"modified":"2026-03-10T10:36:37","modified_gmt":"2026-03-10T16:36:37","slug":"para-propietarios-y-administradores-de-fincas","status":"publish","type":"page","link":"https:\/\/pacepartners.com\/es\/recursos\/para-propietarios-y-administradores-de-fincas\/","title":{"rendered":"Para propietarios y administradores de fincas"},"content":{"rendered":"<div class=\"wpb-content-wrapper\"><p>[vc_row top_padding=\u00bb20&#8243; bottom_padding=\u00bb20&#8243;][vc_column width=\u00bb1\/1&#8243;][vc_column_text]<\/p>\n<h1>Para propietarios y administradores de fincas<\/h1>\n<p>[\/vc_column_text][\/vc_column][\/vc_row][vc_row bottom_padding=\u00bb40&#8243;][vc_column width=\u00bb1\/2&#8243;][vc_column_text]Ya sea propietario o administrador de propiedades, PACE est\u00e1 aqu\u00ed para ayudarlo a brindar un mejor apoyo a sus inquilinos, generar capital y diferenciar su espacio de los competidores en el mercado.<\/p>\n<p>Cuando trabaje con PACE, se le asignar\u00e1 un asesor experto en sostenibilidad empresarial que trabajar\u00e1 individualmente con usted para lograr eficiencias en una o m\u00e1s de las siguientes \u00e1reas: energ\u00eda (incluidos HVAC y solar), residuos, agua y transporte.<\/p>\n<p>Sin costo para usted, <a href=\"https:\/\/pacepartners.com\/about\/meet-the-team\/\" target=\"_blank\" rel=\"noopener noreferrer\">los asesores de sostenibilidad empresarial de PACE<\/a> pueden ayudarlo a:<\/p>\n<ul>\n<li>Alinee los costos y beneficios de las inversiones en eficiencia entre usted y sus inquilinos<\/li>\n<li>Realice un seguimiento del rendimiento de su edificio con el <a href=\"https:\/\/www.energystar.gov\/buildings\/facility-owners-and-managers\/existing-buildings\/use-portfolio-manager\" target=\"_blank\" rel=\"noopener noreferrer\">Portfolio Manager de ENERGY STAR<\/a><\/li>\n<li>Proporcionar una evaluaci\u00f3n energ\u00e9tica b\u00e1sica o una auditor\u00eda energ\u00e9tica de nivel I<\/li>\n<li>Ofrezca asistencia a sus inquilinos sobre compostaje\/reciclaje, eficiencia energ\u00e9tica, eficiencia del agua y oportunidades de desplazamiento<\/li>\n<li>Facilitar proyectos en su edificio, incluida la coordinaci\u00f3n con contratistas, completar la documentaci\u00f3n de reembolso y comunicar sus esfuerzos a los inquilinos<\/li>\n<li>Conectarlo con otros programas de reembolsos e incentivos en su \u00e1rea<\/li>\n<li>Reducir los costos de servicios p\u00fablicos<\/li>\n<li><a href=\"https:\/\/bouldercolorado.gov\/smartregs-guide\" target=\"_blank\" rel=\"noopener noreferrer\">SmartRegs<\/a> para propiedades de alquiler de unidades multifamiliares<\/li>\n<li>Solo para propietarios de propiedades comerciales de la ciudad de Boulder: cumplan con el <a href=\"https:\/\/bouldercolorado.gov\/services\/building-performance-ordinance\" target=\"_blank\" rel=\"noopener\">requisito de desempe\u00f1o de edificios comerciales<\/a><\/li>\n<\/ul>\n<p>[\/vc_column_text][\/vc_column][vc_column width=\u00bb1\/2&#8243;][vc_single_image image=\u00bb17690&#8243; img_size=\u00bbfull\u00bb alignment=\u00bbcenter\u00bb css=\u00bb\u00bb][\/vc_column][\/vc_row][vc_row row_id=\u00bbequity-priority\u00bb][vc_column width=\u00bb1\/1&#8243;][vc_column_text]<\/p>\n<h2>Los edificios con prioridad de equidad<\/h2>\n<p>Los edificios con prioridad de equidad son elegibles para recibir financiamiento adicional en <a href=\"https:\/\/pacepartners.com\/es\/reembolsos-y-subsidios\/eficiencia-energetica-y-electrificacion\/\">ciertas categor\u00edas de reembolso de PACE<\/a>. Es posible que su edificio re\u00fana los requisitos de edificios prioritarios por equidad si alberga una o m\u00e1s empresas que atienden a miembros de la comunidad con menos recursos: personas m\u00e1s vulnerables a los efectos del cambio clim\u00e1tico debido a factores como los ingresos, la raza, el idioma, la edad, el estado de documentaci\u00f3n o la discapacidad, entre otros. <\/p>\n<p><strong>Los edificios con prioridad de equidad incluyen:<\/strong><\/p>\n<ul>\n<li>Deed-restricted multifamily affordable housing<\/li>\n<li>Viviendas asequibles de origen natural (por lo menos 66 % de las unidades del edificio deben tener alquileres iguales o inferiores al 80 % de los l\u00edmites de alquiler de ingresos medios del \u00e1rea)<\/li>\n<li>Proveedores de servicios humanos, definidos como una entidad sin fines de lucro exenta de impuestos que ofrece servicios cr\u00edticos tales como:\n<ul>\n<li>Organizaciones de defensa (como defensa comunitaria, defensa de servicios sociales o similares)<\/li>\n<li>Proveedores de servicios extra escolares<\/li>\n<li>Centros de cuidado infantil<\/li>\n<li>Centros comunitarios<\/li>\n<li>Proveedores de servicios para personas con discapacidad<\/li>\n<li>Centros de violencia dom\u00e9stica<\/li>\n<li>Organizaciones de servicios de emergencia<\/li>\n<li>Organizaciones de apoyo familiar<\/li>\n<li>Despensas de alimentos<\/li>\n<li>Refugios para personas sin hogar<\/li>\n<li>Proveedores de servicios de inmigraci\u00f3n<\/li>\n<li>Servicios de capacitaci\u00f3n laboral y desarrollo laboral<\/li>\n<li>Centros legales (servicios gratuitos y sin fines de lucro para comunidades con ingresos calificados)<\/li>\n<li>Instalaciones de salud mental y conductual<\/li>\n<li>Lugares de culto (que ofrecen servicios cr\u00edticos a las comunidades de primera l\u00ednea)<\/li>\n<li>Proveedores de rehabilitaci\u00f3n<\/li>\n<li>Centros para personas mayores (no propiedad de la ciudad y del condado de Boulder)<\/li>\n<li>Viviendas de transici\u00f3n o de apoyo<\/li>\n<li>Refugios para mujeres o ni\u00f1os<\/li>\n<\/ul>\n<\/li>\n<\/ul>\n<p>Si est\u00e1 interesado(a) en participar o si no cumple con todos los criterios anteriores y le gustar\u00eda ser considerado(a) contacte a un asesor de sostenibilidad comercial a trav\u00e9s del <strong>303-786-7223<\/strong> o <a href=\"mailto:info@pacepartners.com\">info@PACEpartners.com<\/a>.[\/vc_column_text][\/vc_column][\/vc_row][vc_row][vc_column width=\u00bb1\/1&#8243;]<div class=\"spacer\" style=\"height: 40px;\"><\/div>[vc_column_text]<\/p>\n<p style=\"text-align: center\"><a class=\"button\" href=\"https:\/\/pacepartners.com\/es\/acerca-de-nosotros\/contactenos\/\" target=\"_blank\" rel=\"noopener noreferrer\">\u00bfNo sabes por d\u00f3nde empezar? \u00a1Estamos listos para responder a tus preguntas! <\/a><\/p>\n<p>[\/vc_column_text]<div class=\"spacer\" style=\"height: 40px;\"><\/div>[\/vc_column][\/vc_row]<\/p>\n<\/div>","protected":false},"excerpt":{"rendered":"<p>[vc_row top_padding=\u00bb20&#8243; bottom_padding=\u00bb20&#8243;][vc_column width=\u00bb1\/1&#8243;][vc_column_text] Para propietarios y administradores de fincas [\/vc_column_text][\/vc_column][\/vc_row][vc_row bottom_padding=\u00bb40&#8243;][vc_column width=\u00bb1\/2&#8243;][vc_column_text]Ya sea propietario o administrador de propiedades, PACE est\u00e1 aqu\u00ed para ayudarlo a brindar un mejor apoyo a sus inquilinos, generar capital y diferenciar su espacio de los competidores en el mercado. Cuando trabaje con PACE, se le asignar\u00e1 un asesor experto en sostenibilidad empresarial que trabajar\u00e1 individualmente con usted para lograr eficiencias en una o m\u00e1s de las siguientes \u00e1reas: energ\u00eda (incluidos HVAC y solar), residuos, agua y transporte. Sin costo para usted, los asesores de sostenibilidad empresarial de PACE pueden ayudarlo a: Alinee los costos y beneficios de las inversiones en eficiencia entre usted y sus inquilinos Realice un seguimiento del rendimiento de su edificio con el Portfolio Manager de ENERGY STAR Proporcionar una evaluaci\u00f3n energ\u00e9tica b\u00e1sica o una auditor\u00eda energ\u00e9tica de nivel I Ofrezca asistencia a sus inquilinos sobre compostaje\/reciclaje, eficiencia energ\u00e9tica, eficiencia del agua y oportunidades de desplazamiento Facilitar proyectos en su edificio, incluida la coordinaci\u00f3n con contratistas, completar la documentaci\u00f3n de reembolso y comunicar sus esfuerzos a los inquilinos Conectarlo con otros programas de reembolsos e incentivos en su \u00e1rea Reducir los costos de servicios p\u00fablicos SmartRegs para propiedades de alquiler de unidades [&hellip;]<\/p>\n","protected":false},"author":3003,"featured_media":20241,"parent":19964,"menu_order":0,"comment_status":"open","ping_status":"open","template":"","meta":{"_acf_changed":false,"footnotes":""},"class_list":["post-20696","page","type-page","status-publish","has-post-thumbnail","hentry"],"acf":[],"_links":{"self":[{"href":"https:\/\/pacepartners.com\/es\/wp-json\/wp\/v2\/pages\/20696","targetHints":{"allow":["GET"]}}],"collection":[{"href":"https:\/\/pacepartners.com\/es\/wp-json\/wp\/v2\/pages"}],"about":[{"href":"https:\/\/pacepartners.com\/es\/wp-json\/wp\/v2\/types\/page"}],"author":[{"embeddable":true,"href":"https:\/\/pacepartners.com\/es\/wp-json\/wp\/v2\/users\/3003"}],"replies":[{"embeddable":true,"href":"https:\/\/pacepartners.com\/es\/wp-json\/wp\/v2\/comments?post=20696"}],"version-history":[{"count":14,"href":"https:\/\/pacepartners.com\/es\/wp-json\/wp\/v2\/pages\/20696\/revisions"}],"predecessor-version":[{"id":20889,"href":"https:\/\/pacepartners.com\/es\/wp-json\/wp\/v2\/pages\/20696\/revisions\/20889"}],"up":[{"embeddable":true,"href":"https:\/\/pacepartners.com\/es\/wp-json\/wp\/v2\/pages\/19964"}],"wp:featuredmedia":[{"embeddable":true,"href":"https:\/\/pacepartners.com\/es\/wp-json\/wp\/v2\/media\/20241"}],"wp:attachment":[{"href":"https:\/\/pacepartners.com\/es\/wp-json\/wp\/v2\/media?parent=20696"}],"curies":[{"name":"wp","href":"https:\/\/api.w.org\/{rel}","templated":true}]}}