{"id":20685,"date":"2025-05-13T16:19:55","date_gmt":"2025-05-13T22:19:55","guid":{"rendered":"https:\/\/pacepartners.com\/recursos\/directorio-de-jardineria-electrica-de-pace\/"},"modified":"2026-02-03T12:33:31","modified_gmt":"2026-02-03T19:33:31","slug":"directorio-de-jardineria-electrica-de-pace","status":"publish","type":"page","link":"https:\/\/pacepartners.com\/es\/recursos\/directorio-de-jardineria-electrica-de-pace\/","title":{"rendered":"Directorio de jardiner\u00eda el\u00e9ctrica de PACE"},"content":{"rendered":"<div class=\"wpb-content-wrapper\"><p>[vc_row top_padding=\u00bb20&#8243; bottom_padding=\u00bb20&#8243; row_id=\u00bbcontractors-top\u00bb][vc_column column_padding=\u00bbcustom-padding\u00bb width=\u00bb1\/1&#8243;][vc_column_text]<\/p>\n<h1>Directorio de jardiner\u00eda el\u00e9ctrica de PACE<\/h1>\n<p>[\/vc_column_text][\/vc_column][\/vc_row][vc_row top_padding=\u00bb0&#8243; bottom_padding=\u00bb20&#8243; row_id=\u00bbcontractors-top\u00bb][vc_column column_padding=\u00bbcustom-padding\u00bb width=\u00bb1\/1&#8243;][vc_column_text]PACE se ha asociado con la ciudad de Boulder y la Alianza Americana de Zonas Verdes (AGZA) para desarrollar un <a href=\"https:\/\/pacepartners.com\/es\/pequenas-empresas\/subvenciones-para-equipos-de-jardineria\/\">programa de subvenciones para jardiner\u00eda<\/a> que ayude a las peque\u00f1as empresas locales de jardiner\u00eda a iniciar la transici\u00f3n de equipos de jardiner\u00eda altamente contaminantes a alternativas el\u00e9ctricas comprobadas. Todos los paisajistas que figuran a continuaci\u00f3n han recibido incentivos de la PACE para electrificar sus equipos o han notificado a la PACE que utilizan equipos de jardiner\u00eda el\u00e9ctricos. <\/p>\n<p><strong>Please note:<\/strong> PACE offers this list as a resource for the Boulder County community. PACE does not advocate for or promote specific contractors and makes no representations or warranties regarding accuracy of information, quality of service, equipment used during services, or proof of insurance for any businesses on the list. Please send <a href=\"mailto:info@pacepartners.com\">us an email<\/a> or call us at 303.786.7223 for additions or corrections.  <\/p>\n<p>As landscaping companies work to transition their equipment from gas to electric, crews may not be fully electric. PACE recommends communicating with landscape companies below to request the use of electric equipment.<br \/>\n[\/vc_column_text][\/vc_column][\/vc_row][vc_row][vc_column width=\u00bb1\/1&#8243;]<div class=\"spacer\" style=\"height: 40px;\"><\/div>[vc_column_text]\n<table id=\"tablepress-5\" class=\"tablepress tablepress-id-5\">\n<thead>\n<tr class=\"row-1\">\n\t<th class=\"column-1\">Business Name<br \/>\nand Phone Number<\/th><th class=\"column-2\">Contact Name <br \/>\n(Click Name to Send Email)<\/th><th class=\"column-3\">City where Based<\/th><th class=\"column-4\">Sectors Served<\/th>\n<\/tr>\n<\/thead>\n<tbody class=\"row-striping\">\n<tr class=\"row-2\">\n\t<td class=\"column-1\"><strong>10 Star Tree Care<\/strong><br \/>\n303-775-6846<\/td><td class=\"column-2\"><a href=\"mailto:10startreecare@gmail.com\">Timothy Wright<\/a><\/td><td class=\"column-3\">Erie <\/td><td class=\"column-4\">Residential<br \/>\nCommercial and HOA<\/td>\n<\/tr>\n<tr class=\"row-3\">\n\t<td class=\"column-1\"><strong>1122 Resources, LLC<\/strong><br \/>\n720-936-1378<\/td><td class=\"column-2\"><a href=\"mailto:buffsonthehill@gmail.com\">Rob Ross<\/a><\/td><td class=\"column-3\">Boulder<\/td><td class=\"column-4\">Residential<br \/>\nCommercial and HOA<\/td>\n<\/tr>\n<tr class=\"row-4\">\n\t<td class=\"column-1\"><strong>AGT Landscape and Design<\/strong><br \/>\n720-568-0721<\/td><td class=\"column-2\"><a href=\"mailto:alex@agtlandscape.com\">Alexander Tanner<\/a><\/td><td class=\"column-3\">Berthoud<\/td><td class=\"column-4\">Residential<br \/>\nCommercial and HOA<\/td>\n<\/tr>\n<tr class=\"row-5\">\n\t<td class=\"column-1\"><strong>BEES AND TREES, INC.<\/strong><br \/>\n720-357-1646<\/td><td class=\"column-2\"><a href=\"mailto:chadjstreet@gmail.com\">Chad Street<\/a><\/td><td class=\"column-3\">Longmont<\/td><td class=\"column-4\">Residential<br \/>\nCommercial and HOA<\/td>\n<\/tr>\n<tr class=\"row-6\">\n\t<td class=\"column-1\"><strong>Boulder Lawns<\/strong><br \/>\n303-931-3434<\/td><td class=\"column-2\"><a href=\"mailto:boulderlawns@gmail.com\">Joe Maddalone<\/a><\/td><td class=\"column-3\">Boulder<\/td><td class=\"column-4\">Residential<br \/>\nCommercial and HOA<\/td>\n<\/tr>\n<tr class=\"row-7\">\n\t<td class=\"column-1\"><strong>Bullard Tree and Garden<\/strong><br \/>\n970-880-0132<\/td><td class=\"column-2\"><a href=\"mailto:info@bullardtreecare.com\">Forrest Bullard<\/a><\/td><td class=\"column-3\">Nederland <\/td><td class=\"column-4\">Residential<br \/>\nCommercial and HOA<\/td>\n<\/tr>\n<tr class=\"row-8\">\n\t<td class=\"column-1\"><strong>CreekSide Tree Nursery<\/strong><br \/>\n303-668-7647<\/td><td class=\"column-2\"><a href=\"mailto:sales@creeksideboulder.com\">Jason Von Eschen<\/a><\/td><td class=\"column-3\">Boulder<\/td><td class=\"column-4\">Residential<br \/>\nCommercial and HOA<\/td>\n<\/tr>\n<tr class=\"row-9\">\n\t<td class=\"column-1\"><strong>Daiki Tree Services<\/strong><br \/>\n720-434-2460<\/td><td class=\"column-2\"><a href=\"mailto:joemarple@hotmail.com\">Joseph Marple<\/a><\/td><td class=\"column-3\">Boulder<\/td><td class=\"column-4\">Residential<br \/>\r\nCommercial and HOA<\/td>\n<\/tr>\n<tr class=\"row-10\">\n\t<td class=\"column-1\"><strong>Down to Earth Tree Service and Science<\/strong><br \/>\n720-275-4288<\/td><td class=\"column-2\"><a href=\"mailto:charlesgerickson@gmail.com\">Charles Erickson<\/a><\/td><td class=\"column-3\">Boulder<\/td><td class=\"column-4\">Residential<br \/>\nCommercial and HOA<\/td>\n<\/tr>\n<tr class=\"row-11\">\n\t<td class=\"column-1\"><strong>Eco Conscious Co.<\/strong><br \/>\n303-248-6460<\/td><td class=\"column-2\"><a href=\"mailto:martyn@ecoconsciousco.com\">Martyn Church<\/a><\/td><td class=\"column-3\">Boulder<\/td><td class=\"column-4\">Residential<br \/>\nCommercial and HOA<\/td>\n<\/tr>\n<tr class=\"row-12\">\n\t<td class=\"column-1\"><strong>Flatirons Arbor Care<\/strong><br \/>\n720-938-2002<\/td><td class=\"column-2\"><a href=\"mailto:Jason@flatironsarborcare.com\">Jason Gordon<\/a><\/td><td class=\"column-3\">Denver<\/td><td class=\"column-4\">Residential<br \/>\nCommercial and HOA<\/td>\n<\/tr>\n<tr class=\"row-13\">\n\t<td class=\"column-1\"><strong>Golden Quality Landscaping<\/strong><br \/>\n720-401-3714<\/td><td class=\"column-2\"><a href=\"mailto:mhklandscape@yahoo.com\">Martin Holguin<\/a><\/td><td class=\"column-3\">Denver<\/td><td class=\"column-4\">Residential<\/td>\n<\/tr>\n<tr class=\"row-14\">\n\t<td class=\"column-1\"><strong>Green Consulting Solutions LLC<\/strong><br \/>\n303-718-7154<\/td><td class=\"column-2\"><a href=\"mailto:greenconsultingsolutions7@gmail.com\">Anthony Maleville<\/a><\/td><td class=\"column-3\">Longmont<\/td><td class=\"column-4\">Residential<br \/>\nCommercial and HOA<\/td>\n<\/tr>\n<tr class=\"row-15\">\n\t<td class=\"column-1\"><strong>GREENPRO, INC.<\/strong><br \/>\n303-319-4400<\/td><td class=\"column-2\"><a href=\"mailto:steven@greenprocolorado.com\">Steven Fisk<\/a><\/td><td class=\"column-3\">Longmont<\/td><td class=\"column-4\">Residential<br \/>\r\nCommercial and HOA<\/td>\n<\/tr>\n<tr class=\"row-16\">\n\t<td class=\"column-1\"><strong>Greenr365<\/strong><br \/>\n303-717-6360<\/td><td class=\"column-2\"><a href=\"mailto:rob@greenr365.com\">Rob Wood<\/a><\/td><td class=\"column-3\">Boulder<\/td><td class=\"column-4\">Residential, Commercial, HOA<\/td>\n<\/tr>\n<tr class=\"row-17\">\n\t<td class=\"column-1\"><strong>Ideal Tree LLC<\/strong><br \/>\n720-378-1011<\/td><td class=\"column-2\"><a href=\"mailto:info@idealtreecolorado.com\">Lance Hering<\/a><\/td><td class=\"column-3\">Boulder<\/td><td class=\"column-4\">Residential<br \/>\nCommercial and HOA<\/td>\n<\/tr>\n<tr class=\"row-18\">\n\t<td class=\"column-1\"><strong>JMK Lawn Service LLC<\/strong><br \/>\n720-839-2326<\/td><td class=\"column-2\"><a href=\"mailto:Jayden@jmklawnservice.com\">Jayden M Kazantsev<\/a><\/td><td class=\"column-3\">Boulder<\/td><td class=\"column-4\">Residential<br \/>\nCommercial and HOA<\/td>\n<\/tr>\n<tr class=\"row-19\">\n\t<td class=\"column-1\"><strong>Landscape Concepts Corp.<\/strong><br \/>\n303-591-0977<\/td><td class=\"column-2\"><a href=\"mailto:alzak1@comcast.net\">Michael Frontczak<\/a><\/td><td class=\"column-3\">Louisville<\/td><td class=\"column-4\">Residential<br \/>\nCommercial and HOA<\/td>\n<\/tr>\n<tr class=\"row-20\">\n\t<td class=\"column-1\"><strong>Lopez Landscaping Services LLC<\/strong><br \/>\n720-621-8576<\/td><td class=\"column-2\"><a href=\"mailto:lopezlandscapingservices@outlook.com\">Cesar Lopez<\/a> <\/td><td class=\"column-3\">Boulder <\/td><td class=\"column-4\">Residential<\/td>\n<\/tr>\n<tr class=\"row-21\">\n\t<td class=\"column-1\"><strong>Mountain Tree Care<\/strong><br \/>\n303-443-9430<\/td><td class=\"column-2\"><a href=\"mailto:office@mountaintreecare.com\">Aaron Zauber<\/a><\/td><td class=\"column-3\">Golden<\/td><td class=\"column-4\">Residential<br \/>\nCommercial and HOA<\/td>\n<\/tr>\n<tr class=\"row-22\">\n\t<td class=\"column-1\"><strong>O'Connor Services LLC<\/strong><br \/>\n303-564-6029<\/td><td class=\"column-2\"><a href=\"mailto:OCServices303@gmail.com\">Bryan O'Connor<\/a> <\/td><td class=\"column-3\">Louisville<\/td><td class=\"column-4\">Residential<\/td>\n<\/tr>\n<tr class=\"row-23\">\n\t<td class=\"column-1\"><strong>Phans Lawn Care<\/strong><br \/>\n303-819-7130<\/td><td class=\"column-2\"><a href=\"mailto:kevinaphan@gmail.com\">Kevin Phan<\/a><\/td><td class=\"column-3\">Boulder<\/td><td class=\"column-4\">Residential<\/td>\n<\/tr>\n<tr class=\"row-24\">\n\t<td class=\"column-1\"><strong>Roots and Shoots Tree Care<\/strong><br \/>\n720-822-6022<\/td><td class=\"column-2\"><a href=\"mailto:samwilliams2121@gmail.com\">Samuel Williams<\/a><\/td><td class=\"column-3\">Ward<\/td><td class=\"column-4\">Residential<br \/>\nCommercial and HOA<\/td>\n<\/tr>\n<tr class=\"row-25\">\n\t<td class=\"column-1\"><strong>Serafin Tree Service<\/strong><br \/>\n303-931-8583<\/td><td class=\"column-2\"><a href=\"mailto:joel.serafin@gmail.com\">Joel Serafin<\/a> <\/td><td class=\"column-3\">Ward<\/td><td class=\"column-4\">Residential<br \/>\nCommercial and HOA<\/td>\n<\/tr>\n<tr class=\"row-26\">\n\t<td class=\"column-1\"><strong>Tamarack Tree Care Professionals<\/strong><br \/>\n720-771-4707<\/td><td class=\"column-2\"><a href=\"mailto:longmonttree@gmail.com\">Joshua Gallant<\/a><\/td><td class=\"column-3\">Longmont<\/td><td class=\"column-4\">Residential<br \/>\nCommercial and HOA<\/td>\n<\/tr>\n<tr class=\"row-27\">\n\t<td class=\"column-1\"><strong>That Kid from Madrid<\/strong><br \/>\n720-320-5331<\/td><td class=\"column-2\"><a href=\"mailto:thatkidfrommadrid@yahoo.com\">Anael Resino Malpica<\/a><\/td><td class=\"column-3\">Boulder <\/td><td class=\"column-4\">Residential<\/td>\n<\/tr>\n<tr class=\"row-28\">\n\t<td class=\"column-1\"><strong>Tom Mathews Garden Design<\/strong><br \/>\n404-435-9199<\/td><td class=\"column-2\"><a href=\"mailto:eyeadventure@earthlink.net\">Tom Mathews<\/a><\/td><td class=\"column-3\">Boulder<\/td><td class=\"column-4\">Residential<\/td>\n<\/tr>\n<tr class=\"row-29\">\n\t<td class=\"column-1\"><strong>Urban Woods LLC<\/strong><br \/>\n720-365-4666<\/td><td class=\"column-2\"><a href=\"mailto:urbanwoodsboulder@gmail.com\">Vit Kohoutek<\/a><\/td><td class=\"column-3\">Boulder<\/td><td class=\"column-4\">Residential<br \/>\nCommercial and HOA<\/td>\n<\/tr>\n<tr class=\"row-30\">\n\t<td class=\"column-1\"><strong>ZQ Landscaping LLC<\/strong><br \/>\n720-233-4927<\/td><td class=\"column-2\"><a href=\"mailto:zqlandscapingllc@gmail.com\">Kevin Zuniga<\/a><\/td><td class=\"column-3\">Longmont<\/td><td class=\"column-4\">Residential<\/td>\n<\/tr>\n<\/tbody>\n<\/table>\n<!-- #tablepress-5 from cache -->[\/vc_column_text][\/vc_column][\/vc_row][vc_row][vc_column width=\u00bb1\/1&#8243;]<div class=\"spacer\" style=\"height: 40px;\"><\/div>[\/vc_column][\/vc_row]<\/p>\n<\/div>","protected":false},"excerpt":{"rendered":"<p>[vc_row top_padding=\u00bb20&#8243; bottom_padding=\u00bb20&#8243; row_id=\u00bbcontractors-top\u00bb][vc_column column_padding=\u00bbcustom-padding\u00bb width=\u00bb1\/1&#8243;][vc_column_text] Directorio de jardiner\u00eda el\u00e9ctrica de PACE [\/vc_column_text][\/vc_column][\/vc_row][vc_row top_padding=\u00bb0&#8243; bottom_padding=\u00bb20&#8243; row_id=\u00bbcontractors-top\u00bb][vc_column column_padding=\u00bbcustom-padding\u00bb width=\u00bb1\/1&#8243;][vc_column_text]PACE se ha asociado con la ciudad de Boulder y la Alianza Americana de Zonas Verdes (AGZA) para desarrollar un programa de subvenciones para jardiner\u00eda que ayude a las peque\u00f1as empresas locales de jardiner\u00eda a iniciar la transici\u00f3n de equipos de jardiner\u00eda altamente contaminantes a alternativas el\u00e9ctricas comprobadas. Todos los paisajistas que figuran a continuaci\u00f3n han recibido incentivos de la PACE para electrificar sus equipos o han notificado a la PACE que utilizan equipos de jardiner\u00eda el\u00e9ctricos. Please note: PACE offers this list as a resource for the Boulder County community. PACE does not advocate for or promote specific contractors and makes no representations or warranties regarding accuracy of information, quality of service, equipment used during services, or proof of insurance for any businesses on the list. Please send us an email or call us at 303.786.7223 for additions or corrections. As landscaping companies work to transition their equipment from gas to electric, crews may not be fully electric. PACE recommends communicating with landscape companies below to request the use of electric equipment. [\/vc_column_text][\/vc_column][\/vc_row][vc_row][vc_column width=\u00bb1\/1&#8243;][vc_column_text][\/vc_column_text][\/vc_column][\/vc_row][vc_row][vc_column width=\u00bb1\/1&#8243;][\/vc_column][\/vc_row]<\/p>\n","protected":false},"author":3038,"featured_media":20241,"parent":19964,"menu_order":0,"comment_status":"closed","ping_status":"closed","template":"","meta":{"_acf_changed":false,"footnotes":""},"class_list":["post-20685","page","type-page","status-publish","has-post-thumbnail","hentry"],"acf":[],"_links":{"self":[{"href":"https:\/\/pacepartners.com\/es\/wp-json\/wp\/v2\/pages\/20685","targetHints":{"allow":["GET"]}}],"collection":[{"href":"https:\/\/pacepartners.com\/es\/wp-json\/wp\/v2\/pages"}],"about":[{"href":"https:\/\/pacepartners.com\/es\/wp-json\/wp\/v2\/types\/page"}],"author":[{"embeddable":true,"href":"https:\/\/pacepartners.com\/es\/wp-json\/wp\/v2\/users\/3038"}],"replies":[{"embeddable":true,"href":"https:\/\/pacepartners.com\/es\/wp-json\/wp\/v2\/comments?post=20685"}],"version-history":[{"count":9,"href":"https:\/\/pacepartners.com\/es\/wp-json\/wp\/v2\/pages\/20685\/revisions"}],"predecessor-version":[{"id":20695,"href":"https:\/\/pacepartners.com\/es\/wp-json\/wp\/v2\/pages\/20685\/revisions\/20695"}],"up":[{"embeddable":true,"href":"https:\/\/pacepartners.com\/es\/wp-json\/wp\/v2\/pages\/19964"}],"wp:featuredmedia":[{"embeddable":true,"href":"https:\/\/pacepartners.com\/es\/wp-json\/wp\/v2\/media\/20241"}],"wp:attachment":[{"href":"https:\/\/pacepartners.com\/es\/wp-json\/wp\/v2\/media?parent=20685"}],"curies":[{"name":"wp","href":"https:\/\/api.w.org\/{rel}","templated":true}]}}