{"id":20644,"date":"2023-12-06T11:55:01","date_gmt":"2023-12-06T18:55:01","guid":{"rendered":"https:\/\/pacepartners.com\/recursos\/electrificacion-de-edificios\/"},"modified":"2026-02-03T12:01:44","modified_gmt":"2026-02-03T19:01:44","slug":"electrificacion-de-edificios","status":"publish","type":"page","link":"https:\/\/pacepartners.com\/es\/recursos\/electrificacion-de-edificios\/","title":{"rendered":"Electrificaci\u00f3n de edificios"},"content":{"rendered":"<div class=\"wpb-content-wrapper\"><p>[vc_row type=\u00bbfull_width_section\u00bb top_padding=\u00bb0&#8243; bottom_padding=\u00bb20&#8243;][vc_column width=\u00bb1\/1&#8243;]<div class=\"single_image wpb_content_element align-center    \" data-animation=\"none\" data-delay=\"0\"><img loading=\"lazy\" decoding=\"async\" width=\"2540\" height=\"490\" src=\"https:\/\/pacepartners.com\/wp-content\/uploads\/sites\/4\/2026\/02\/Building-Electrification-Header.jpg\" class=\"attachment-full\" alt=\"A large barn with solar panels on the roof is next to two greenhouses\" title=\"Building-Electrification-Header\" srcset=\"https:\/\/pacepartners.com\/wp-content\/uploads\/sites\/4\/2026\/02\/Building-Electrification-Header.jpg 2540w, https:\/\/pacepartners.com\/wp-content\/uploads\/sites\/4\/2026\/02\/Building-Electrification-Header-300x58.jpg 300w, https:\/\/pacepartners.com\/wp-content\/uploads\/sites\/4\/2026\/02\/Building-Electrification-Header-1024x198.jpg 1024w, https:\/\/pacepartners.com\/wp-content\/uploads\/sites\/4\/2026\/02\/Building-Electrification-Header-768x148.jpg 768w, https:\/\/pacepartners.com\/wp-content\/uploads\/sites\/4\/2026\/02\/Building-Electrification-Header-1536x296.jpg 1536w, https:\/\/pacepartners.com\/wp-content\/uploads\/sites\/4\/2026\/02\/Building-Electrification-Header-2048x395.jpg 2048w\" sizes=\"auto, (max-width: 2540px) 100vw, 2540px\" \/><\/div>[\/vc_column][\/vc_row][vc_row top_padding=\u00bb20&#8243; bottom_padding=\u00bb20&#8243;][vc_column width=\u00bb1\/1&#8243;][vc_column_text]<\/p>\n<h1>Electrificaci\u00f3n de edificios<\/h1>\n<p>[\/vc_column_text][\/vc_column][\/vc_row][vc_row top_padding=\u00bb0&#8243; bottom_padding=\u00bb40&#8243;][vc_column width=\u00bb1\/1&#8243;][vc_column_text]La electrificaci\u00f3n de edificios significa pasar fuentes de energ\u00eda de combustibles f\u00f3siles tradicionales (como el gas natural, aceite o propano) a electricidad. Esto significa usar aparatos y sistemas con suministro el\u00e9ctrico para calentar, enfriar, cocinar y otros aparatos que consumen mucha energ\u00eda. <\/p>\n<p>Escoger aparatos completamente el\u00e9ctricos tiene muchos beneficios que incluyen calidad m\u00e1s sana y segura del aire interior, mayor resistencia a da\u00f1os por incendios y humo en el futuro, menos problemas de mantenimiento, costos de energ\u00eda m\u00e1s bajos y menos emisiones de gases de efecto invernadero. PACE tiene muchos programas e incentivos financieros para ayudarlo a dar el siguiente paso en su camino de electrificaci\u00f3n: visite nuestra p\u00e1gina de <a href=\"https:\/\/pacepartners.com\/es\/reembolsos-y-subsidios\/eficiencia-energetica-y-electrificacion\/\">Eficiencia energ\u00e9tica y electrificaci\u00f3n<\/a> para obtener m\u00e1s informaci\u00f3n.[\/vc_column_text][\/vc_column][\/vc_row][vc_row top_padding=\u00bb0&#8243;][vc_column width=\u00bb1\/1&#8243;][vc_column_text]<\/p>\n<h2>\u00bfPor qu\u00e9 es importante la electrificaci\u00f3n de edificios?<\/h2>\n<p>[\/vc_column_text]<div class=\"divider divider1\" style='margin:0 0 20px 0 !important;'><\/div>[\/vc_column][\/vc_row][vc_row bg_color=\u00bb#00000000&#8243; bottom_padding=\u00bb40&#8243;][vc_column width=\u00bb1\/3&#8243;]<div class=\"single_image wpb_content_element align-left    \" data-animation=\"none\" data-delay=\"0\"><img loading=\"lazy\" decoding=\"async\" width=\"1200\" height=\"675\" src=\"https:\/\/pacepartners.com\/wp-content\/uploads\/sites\/4\/2025\/02\/Lighting-Install.jpg\" class=\"attachment-full\" alt=\"A contractor installs LED lighting in the ceiling of a room.\" title=\"Lighting-Install\" srcset=\"https:\/\/pacepartners.com\/wp-content\/uploads\/sites\/4\/2025\/02\/Lighting-Install.jpg 1200w, https:\/\/pacepartners.com\/wp-content\/uploads\/sites\/4\/2025\/02\/Lighting-Install-300x169.jpg 300w, https:\/\/pacepartners.com\/wp-content\/uploads\/sites\/4\/2025\/02\/Lighting-Install-1024x576.jpg 1024w, https:\/\/pacepartners.com\/wp-content\/uploads\/sites\/4\/2025\/02\/Lighting-Install-768x432.jpg 768w, https:\/\/pacepartners.com\/wp-content\/uploads\/sites\/4\/2025\/02\/Lighting-Install-1000x563.jpg 1000w\" sizes=\"auto, (max-width: 1200px) 100vw, 1200px\" \/><\/div>[\/vc_column][vc_column width=\u00bb2\/3&#8243;][vc_column_text]<\/p>\n<ul>\n<li><strong>Reducir emisiones de gases de efecto invernadero: <\/strong>La electrificaci\u00f3n reduce las emisiones de carbono, sobre todo en regiones donde la red de electricidad tiene un suministro creciente de fuentes de energ\u00eda renovable (\u00a1como en Colorado!).<\/li>\n<li><strong>Eficiencia energ\u00e9tica:<\/strong> Los aparatos y sistemas el\u00e9ctricos, como por ejemplo, las bombas de calor, a menudo tienen m\u00e1s eficiencia energ\u00e9tica que sus equivalentes a combusti\u00f3n, lo que produce un menor consumo de energ\u00eda y menos costos operativos con el tiempo.<\/li>\n<li><strong>Mejor calidad del aire interior:<\/strong> La electrificaci\u00f3n elimina la contaminaci\u00f3n de aire interior vinculada con la combusti\u00f3n que se relaciona con los aparatos a gas natural, lo que contribuye a tener una mejor calidad del aire interior y mejor salud general de los ocupantes del edificio.<\/li>\n<li><strong>Flexibilidad de la red:<\/strong> La electrificaci\u00f3n de edificios permite tener mayor flexibilidad en la gesti\u00f3n de la demanda de electricidad. Con tecnolog\u00edas inteligentes, los edificios se pueden integrar a programas de respuesta a demandas, ayudando a equilibrar la red de electricidad y reducir la demanda pico. <\/li>\n<\/ul>\n<p>[\/vc_column_text][\/vc_column][\/vc_row][vc_row top_padding=\u00bb0&#8243;][vc_column width=\u00bb1\/1&#8243;][vc_column_text]<\/p>\n<h2>\u00bfC\u00f3mo puede PACE ayudar a mi empresa a electrificarse?<\/h2>\n<p>[\/vc_column_text]<div class=\"divider divider1\" style='margin:0 0 20px 0 !important;'><\/div>[\/vc_column][\/vc_row][vc_row bottom_padding=\u00bb40&#8243;][vc_column width=\u00bb1\/3&#8243;]<div class=\"single_image wpb_content_element align-left    \" data-animation=\"none\" data-delay=\"0\"><img loading=\"lazy\" decoding=\"async\" width=\"2560\" height=\"1206\" src=\"https:\/\/pacepartners.com\/wp-content\/uploads\/sites\/4\/2023\/12\/Energy-Advising-Sized-scaled.jpeg\" class=\"attachment-full\" alt=\"\" title=\"Energy Advising Sized\" srcset=\"https:\/\/pacepartners.com\/wp-content\/uploads\/sites\/4\/2023\/12\/Energy-Advising-Sized-scaled.jpeg 2560w, https:\/\/pacepartners.com\/wp-content\/uploads\/sites\/4\/2023\/12\/Energy-Advising-Sized-300x141.jpeg 300w, https:\/\/pacepartners.com\/wp-content\/uploads\/sites\/4\/2023\/12\/Energy-Advising-Sized-1024x482.jpeg 1024w, https:\/\/pacepartners.com\/wp-content\/uploads\/sites\/4\/2023\/12\/Energy-Advising-Sized-768x362.jpeg 768w, https:\/\/pacepartners.com\/wp-content\/uploads\/sites\/4\/2023\/12\/Energy-Advising-Sized-1536x723.jpeg 1536w, https:\/\/pacepartners.com\/wp-content\/uploads\/sites\/4\/2023\/12\/Energy-Advising-Sized-2048x965.jpeg 2048w\" sizes=\"auto, (max-width: 2560px) 100vw, 2560px\" \/><\/div>[\/vc_column][vc_column width=\u00bb2\/3&#8243;][vc_column_text]PACE ofrece dos descuentos para la electrificaci\u00f3n de edificios y la infraestructura.<\/p>\n<ul>\n<li><strong>Dise\u00f1o de Ingenier\u00eda:<\/strong> Proporciona financiaci\u00f3n para apoyar la ingenier\u00eda necesaria para implementar proyectos de electrificaci\u00f3n durante el pr\u00f3ximo a\u00f1o. Los costos elegibles incluyen c\u00e1lculos de carga, especificaciones de equipos, an\u00e1lisis de capacidad de carga el\u00e9ctrica, puesta en marcha y m\u00e1s. <\/li>\n<li><strong>Electric Infrastructure Upgrade:<\/strong> Proporciona financiaci\u00f3n para trabajos de infraestructura el\u00e9ctrica que apoyen la electrificaci\u00f3n de los sistemas de construcci\u00f3n.<\/li>\n<\/ul>\n<p>Para obtener m\u00e1s informaci\u00f3n, incluidos los requisitos para obtener descuentos, visite nuestra p\u00e1gina de <a href=\"https:\/\/pacepartners.com\/es\/reembolsos-y-subsidios\/eficiencia-energetica-y-electrificacion\/#building-electrification\">descuentos por eficiencia energ\u00e9tica y electrificaci\u00f3n<\/a>.[\/vc_column_text][\/vc_column][\/vc_row][vc_row top_padding=\u00bb40&#8243; bottom_padding=\u00bb40&#8243;][vc_column width=\u00bb1\/1&#8243;][vc_column_text]<\/p>\n<h2 style=\"text-align: center\">\u00bfQuieres saber m\u00e1s? Ponte en contacto con nosotros en 303-786-7223 or <a href=\"mailto:info@PACEpartners.com\">info@pacepartners.com<\/a>. <\/h2>\n<p>[\/vc_column_text][\/vc_column][\/vc_row]<\/p>\n<\/div>","protected":false},"excerpt":{"rendered":"<p>[vc_row type=\u00bbfull_width_section\u00bb top_padding=\u00bb0&#8243; bottom_padding=\u00bb20&#8243;][vc_column width=\u00bb1\/1&#8243;][\/vc_column][\/vc_row][vc_row top_padding=\u00bb20&#8243; bottom_padding=\u00bb20&#8243;][vc_column width=\u00bb1\/1&#8243;][vc_column_text] Electrificaci\u00f3n de edificios [\/vc_column_text][\/vc_column][\/vc_row][vc_row top_padding=\u00bb0&#8243; bottom_padding=\u00bb40&#8243;][vc_column width=\u00bb1\/1&#8243;][vc_column_text]La electrificaci\u00f3n de edificios significa pasar fuentes de energ\u00eda de combustibles f\u00f3siles tradicionales (como el gas natural, aceite o propano) a electricidad. Esto significa usar aparatos y sistemas con suministro el\u00e9ctrico para calentar, enfriar, cocinar y otros aparatos que consumen mucha energ\u00eda. Escoger aparatos completamente el\u00e9ctricos tiene muchos beneficios que incluyen calidad m\u00e1s sana y segura del aire interior, mayor resistencia a da\u00f1os por incendios y humo en el futuro, menos problemas de mantenimiento, costos de energ\u00eda m\u00e1s bajos y menos emisiones de gases de efecto invernadero. PACE tiene muchos programas e incentivos financieros para ayudarlo a dar el siguiente paso en su camino de electrificaci\u00f3n: visite nuestra p\u00e1gina de Eficiencia energ\u00e9tica y electrificaci\u00f3n para obtener m\u00e1s informaci\u00f3n.[\/vc_column_text][\/vc_column][\/vc_row][vc_row top_padding=\u00bb0&#8243;][vc_column width=\u00bb1\/1&#8243;][vc_column_text] \u00bfPor qu\u00e9 es importante la electrificaci\u00f3n de edificios? [\/vc_column_text][\/vc_column][\/vc_row][vc_row bg_color=\u00bb#00000000&#8243; bottom_padding=\u00bb40&#8243;][vc_column width=\u00bb1\/3&#8243;][\/vc_column][vc_column width=\u00bb2\/3&#8243;][vc_column_text] Reducir emisiones de gases de efecto invernadero: La electrificaci\u00f3n reduce las emisiones de carbono, sobre todo en regiones donde la red de electricidad tiene un suministro creciente de fuentes de energ\u00eda renovable (\u00a1como en Colorado!). Eficiencia energ\u00e9tica: Los aparatos y sistemas el\u00e9ctricos, como por ejemplo, las bombas de calor, a menudo tienen m\u00e1s [&hellip;]<\/p>\n","protected":false},"author":3030,"featured_media":0,"parent":19964,"menu_order":0,"comment_status":"closed","ping_status":"closed","template":"","meta":{"_acf_changed":false,"footnotes":""},"class_list":["post-20644","page","type-page","status-publish","hentry"],"acf":[],"_links":{"self":[{"href":"https:\/\/pacepartners.com\/es\/wp-json\/wp\/v2\/pages\/20644","targetHints":{"allow":["GET"]}}],"collection":[{"href":"https:\/\/pacepartners.com\/es\/wp-json\/wp\/v2\/pages"}],"about":[{"href":"https:\/\/pacepartners.com\/es\/wp-json\/wp\/v2\/types\/page"}],"author":[{"embeddable":true,"href":"https:\/\/pacepartners.com\/es\/wp-json\/wp\/v2\/users\/3030"}],"replies":[{"embeddable":true,"href":"https:\/\/pacepartners.com\/es\/wp-json\/wp\/v2\/comments?post=20644"}],"version-history":[{"count":2,"href":"https:\/\/pacepartners.com\/es\/wp-json\/wp\/v2\/pages\/20644\/revisions"}],"predecessor-version":[{"id":20670,"href":"https:\/\/pacepartners.com\/es\/wp-json\/wp\/v2\/pages\/20644\/revisions\/20670"}],"up":[{"embeddable":true,"href":"https:\/\/pacepartners.com\/es\/wp-json\/wp\/v2\/pages\/19964"}],"wp:attachment":[{"href":"https:\/\/pacepartners.com\/es\/wp-json\/wp\/v2\/media?parent=20644"}],"curies":[{"name":"wp","href":"https:\/\/api.w.org\/{rel}","templated":true}]}}