{"id":20627,"date":"2023-06-07T12:53:36","date_gmt":"2023-06-07T18:53:36","guid":{"rendered":"https:\/\/pacepartners.com\/acerca-de-nosotros\/boletin-mensual-de-pace\/"},"modified":"2026-04-07T16:59:51","modified_gmt":"2026-04-07T22:59:51","slug":"boletin-mensual-de-pace","status":"publish","type":"page","link":"https:\/\/pacepartners.com\/es\/acerca-de-nosotros\/boletin-mensual-de-pace\/","title":{"rendered":"Bolet\u00edn mensual de PACE"},"content":{"rendered":"<div class=\"wpb-content-wrapper\"><p>[vc_row top_padding=\u00bb20&#8243; bottom_padding=\u00bb20&#8243;][vc_column width=\u00bb1\/1&#8243;][vc_column_text]<\/p>\n<h1>Bolet\u00edn mensual de PACE<\/h1>\n<p>[\/vc_column_text][\/vc_column][\/vc_row][vc_row bottom_padding=\u00bb40&#8243;][vc_column width=\u00bb1\/1&#8243;][vc_column_text]Nuestro bolet\u00edn informativo se env\u00eda por correo electr\u00f3nico una vez al mes y comparte noticias sobre sostenibilidad, eventos locales, incentivos financieros y m\u00e1s. \u00a1Esperamos conectarnos!<\/p>\n<p><a href=\"https:\/\/lp.constantcontactpages.com\/sl\/eiLEEF6\/PACESpanish\">Suscr\u00edbase aqu\u00ed para recibir el bolet\u00edn mensual de PACE directamente en su bandeja de entrada.<\/a><\/p>\n<h2>Archivo:<\/h2>\n<ul>\n<li><a href=\"https:\/\/conta.cc\/4ciNcQA\" target=\"_blank\" rel=\"noopener\">abril del 2026<\/a><\/li>\n<li><a href=\"https:\/\/conta.cc\/4rbZqio\" target=\"_blank\" rel=\"noopener\">marzo del 2026<\/a><\/li>\n<li><a href=\"https:\/\/conta.cc\/4ca9nsA\" target=\"_blank\" rel=\"noopener\">febrero del 2026<\/a><\/li>\n<li><a href=\"https:\/\/conta.cc\/45v172c\" target=\"_blank\" rel=\"noopener\">enero del 2026<\/a><\/li>\n<li><a href=\"https:\/\/conta.cc\/3KsJmJI\" target=\"_blank\" rel=\"noopener\">diciembre del 2025<\/a><\/li>\n<li><a href=\"https:\/\/conta.cc\/438nZ6F\" target=\"_blank\" rel=\"noopener\">noviembre del 2025<\/a><\/li>\n<li><a href=\"https:\/\/conta.cc\/46wKww1\" target=\"_blank\" rel=\"noopener\">octubre del 2025<\/a><\/li>\n<li><a href=\"https:\/\/conta.cc\/4pixGso\" target=\"_blank\" rel=\"noopener\">septiembre del 2025<\/a><\/li>\n<li><a href=\"https:\/\/conta.cc\/41r9p9i\" target=\"_blank\" rel=\"noopener\">agosto del 2025<\/a><\/li>\n<li><a href=\"https:\/\/conta.cc\/4eFs3zH\" target=\"_blank\" rel=\"noopener\">julio del 2025<\/a><\/li>\n<li><a href=\"https:\/\/conta.cc\/3FLvKa3\" target=\"_blank\" rel=\"noopener\">junio del 2025<\/a><\/li>\n<li><a href=\"https:\/\/conta.cc\/4iSjKkE\" target=\"_blank\" rel=\"noopener\">mayo del 2025<\/a><\/li>\n<\/ul>\n<p>[\/vc_column_text][\/vc_column][\/vc_row][vc_row][vc_column width=\u00bb1\/1&#8243;]<div class=\"spacer\" style=\"height: 200px;\"><\/div>[\/vc_column][\/vc_row]<\/p>\n<\/div>","protected":false},"excerpt":{"rendered":"<p>[vc_row top_padding=\u00bb20&#8243; bottom_padding=\u00bb20&#8243;][vc_column width=\u00bb1\/1&#8243;][vc_column_text] Bolet\u00edn mensual de PACE [\/vc_column_text][\/vc_column][\/vc_row][vc_row bottom_padding=\u00bb40&#8243;][vc_column width=\u00bb1\/1&#8243;][vc_column_text]Nuestro bolet\u00edn informativo se env\u00eda por correo electr\u00f3nico una vez al mes y comparte noticias sobre sostenibilidad, eventos locales, incentivos financieros y m\u00e1s. \u00a1Esperamos conectarnos! Suscr\u00edbase aqu\u00ed para recibir el bolet\u00edn mensual de PACE directamente en su bandeja de entrada. Archivo: abril del 2026 marzo del 2026 febrero del 2026 enero del 2026 diciembre del 2025 noviembre del 2025 octubre del 2025 septiembre del 2025 agosto del 2025 julio del 2025 junio del 2025 mayo del 2025 [\/vc_column_text][\/vc_column][\/vc_row][vc_row][vc_column width=\u00bb1\/1&#8243;][\/vc_column][\/vc_row]<\/p>\n","protected":false},"author":3030,"featured_media":20063,"parent":20619,"menu_order":0,"comment_status":"closed","ping_status":"closed","template":"","meta":{"_acf_changed":false,"footnotes":""},"class_list":["post-20627","page","type-page","status-publish","has-post-thumbnail","hentry"],"acf":[],"_links":{"self":[{"href":"https:\/\/pacepartners.com\/es\/wp-json\/wp\/v2\/pages\/20627","targetHints":{"allow":["GET"]}}],"collection":[{"href":"https:\/\/pacepartners.com\/es\/wp-json\/wp\/v2\/pages"}],"about":[{"href":"https:\/\/pacepartners.com\/es\/wp-json\/wp\/v2\/types\/page"}],"author":[{"embeddable":true,"href":"https:\/\/pacepartners.com\/es\/wp-json\/wp\/v2\/users\/3030"}],"replies":[{"embeddable":true,"href":"https:\/\/pacepartners.com\/es\/wp-json\/wp\/v2\/comments?post=20627"}],"version-history":[{"count":19,"href":"https:\/\/pacepartners.com\/es\/wp-json\/wp\/v2\/pages\/20627\/revisions"}],"predecessor-version":[{"id":20954,"href":"https:\/\/pacepartners.com\/es\/wp-json\/wp\/v2\/pages\/20627\/revisions\/20954"}],"up":[{"embeddable":true,"href":"https:\/\/pacepartners.com\/es\/wp-json\/wp\/v2\/pages\/20619"}],"wp:featuredmedia":[{"embeddable":true,"href":"https:\/\/pacepartners.com\/es\/wp-json\/wp\/v2\/media\/20063"}],"wp:attachment":[{"href":"https:\/\/pacepartners.com\/es\/wp-json\/wp\/v2\/media?parent=20627"}],"curies":[{"name":"wp","href":"https:\/\/api.w.org\/{rel}","templated":true}]}}