{"id":20619,"date":"2025-06-20T12:11:08","date_gmt":"2025-06-20T18:11:08","guid":{"rendered":"https:\/\/pacepartners.com\/acerca-de-nosotros\/"},"modified":"2026-03-10T11:28:41","modified_gmt":"2026-03-10T17:28:41","slug":"acerca-de-nosotros","status":"publish","type":"page","link":"https:\/\/pacepartners.com\/es\/acerca-de-nosotros\/","title":{"rendered":"Acerca de nosotros"},"content":{"rendered":"<div class=\"wpb-content-wrapper\"><p>[vc_row top_padding=\u00bb20&#8243; bottom_padding=\u00bb20&#8243;][vc_column width=\u00bb1\/1&#8243;][vc_column_text]<\/p>\n<h1>Acerca de nosotros<\/h1>\n<p>[\/vc_column_text][\/vc_column][\/vc_row][vc_row][vc_column width=\u00bb2\/3&#8243;][vc_column_text]Partners for a Clean Environment, o PACE, ofrece servicios gratuitos de asesoramiento experto e incentivos financieros para ayudar a las empresas a mejorar su eficiencia energ\u00e9tica, la desviaci\u00f3n de residuos, el uso del agua y las emisiones del transporte. Nuestros programas ayudan a las empresas a realizar actualizaciones que ahorran dinero y molestias, al tiempo que disminuyen la contaminaci\u00f3n y las emisiones en el proceso. PACE se encuentra en la <a href=\"https:\/\/bouldercounty.gov\/climate\/\" target=\"_blank\" rel=\"noopener\">Oficina de Sostenibilidad, Acci\u00f3n Clim\u00e1tica y Resiliencia<\/a> del condado de Boulder.  <\/p>\n<p>PACE comenz\u00f3 en 1993 como una asociaci\u00f3n de gobiernos locales y empresas comprometidas con la creaci\u00f3n de una comunidad empresarial con pr\u00e1cticas medioambientalmente sostenibles. A lo largo de los a\u00f1os, hemos seguido evolucionando y ampliando nuestra oferta para ayudar a las empresas a cumplir sus objetivos de sostenibilidad y obtener reconocimiento por sus logros. <\/p>\n<h2>\u00bfPor qu\u00e9 trabajar con PACE?<\/h2>\n<p>PACE se compromete a apoyar una econom\u00eda fuerte, aplicar pr\u00e1cticas sostenibles desde el punto de vista medioambiental y ayudar a las empresas a convertirse en l\u00edderes de nuestra comunidad. Invertir en pr\u00e1cticas empresariales sostenibles ayuda a ahorrar dinero y tambi\u00e9n demuestra a sus clientes que su empresa est\u00e1 comprometida con la salud y el medio ambiente de la comunidad local. PACE reconoce los beneficios econ\u00f3micos y sociales de la mejora del rendimiento medioambiental, y nuestros asesores est\u00e1n encantados de ayudarle a empezar.  <\/p>\n<h2>Acerca de nuestros asesores<\/h2>\n<p><a href=\"https:\/\/pacepartners.com\/es\/acerca-de-nosotros\/conozca-al-equipo\/\" target=\"_blank\" rel=\"noopener noreferrer\">Nuestros asesores de sostenibilidad empresarial<\/a> son nuestro recurso m\u00e1s valioso, y trabajar con ellos es totalmente gratuito. Tanto si su empresa se est\u00e1 iniciando en el camino de la sostenibilidad como si est\u00e1 consolidando \u00e9xitos anteriores, los asesores le ofrecen la asistencia personalizada y t\u00e9cnica que necesita para alcanzar sus objetivos de sostenibilidad empresarial. <\/p>\n<p>Cuando se ponga en contacto con PACE, se pondr\u00e1 en contacto con un asesor especializado en su zona geogr\u00e1fica y que conoce nuestros recursos al dedillo. Su asesor identificar\u00e1 oportunidades espec\u00edficas para su empresa, desde medidas de bajo costo o gratuitas hasta grandes actualizaciones de eficiencia, y le ayudar\u00e1 a implantar esos cambios de la forma m\u00e1s fluida posible.[\/vc_column_text][\/vc_column][vc_column width=\u00bb1\/3&#8243;][vc_single_image image=\u00bb17624&#8243; img_size=\u00bbfull\u00bb alignment=\u00bbcenter\u00bb css=\u00bb\u00bb][\/vc_column][\/vc_row][vc_row][vc_column width=\u00bb1\/1&#8243;]<div class=\"spacer\" style=\"height: 60px;\"><\/div>[\/vc_column][\/vc_row]<\/p>\n<\/div>","protected":false},"excerpt":{"rendered":"<p>[vc_row top_padding=\u00bb20&#8243; bottom_padding=\u00bb20&#8243;][vc_column width=\u00bb1\/1&#8243;][vc_column_text] Acerca de nosotros [\/vc_column_text][\/vc_column][\/vc_row][vc_row][vc_column width=\u00bb2\/3&#8243;][vc_column_text]Partners for a Clean Environment, o PACE, ofrece servicios gratuitos de asesoramiento experto e incentivos financieros para ayudar a las empresas a mejorar su eficiencia energ\u00e9tica, la desviaci\u00f3n de residuos, el uso del agua y las emisiones del transporte. Nuestros programas ayudan a las empresas a realizar actualizaciones que ahorran dinero y molestias, al tiempo que disminuyen la contaminaci\u00f3n y las emisiones en el proceso. PACE se encuentra en la Oficina de Sostenibilidad, Acci\u00f3n Clim\u00e1tica y Resiliencia del condado de Boulder. PACE comenz\u00f3 en 1993 como una asociaci\u00f3n de gobiernos locales y empresas comprometidas con la creaci\u00f3n de una comunidad empresarial con pr\u00e1cticas medioambientalmente sostenibles. A lo largo de los a\u00f1os, hemos seguido evolucionando y ampliando nuestra oferta para ayudar a las empresas a cumplir sus objetivos de sostenibilidad y obtener reconocimiento por sus logros. \u00bfPor qu\u00e9 trabajar con PACE? PACE se compromete a apoyar una econom\u00eda fuerte, aplicar pr\u00e1cticas sostenibles desde el punto de vista medioambiental y ayudar a las empresas a convertirse en l\u00edderes de nuestra comunidad. Invertir en pr\u00e1cticas empresariales sostenibles ayuda a ahorrar dinero y tambi\u00e9n demuestra a sus clientes que su empresa est\u00e1 comprometida con la salud [&hellip;]<\/p>\n","protected":false},"author":3038,"featured_media":20241,"parent":0,"menu_order":0,"comment_status":"closed","ping_status":"closed","template":"","meta":{"_acf_changed":false,"footnotes":""},"class_list":["post-20619","page","type-page","status-publish","has-post-thumbnail","hentry"],"acf":[],"_links":{"self":[{"href":"https:\/\/pacepartners.com\/es\/wp-json\/wp\/v2\/pages\/20619","targetHints":{"allow":["GET"]}}],"collection":[{"href":"https:\/\/pacepartners.com\/es\/wp-json\/wp\/v2\/pages"}],"about":[{"href":"https:\/\/pacepartners.com\/es\/wp-json\/wp\/v2\/types\/page"}],"author":[{"embeddable":true,"href":"https:\/\/pacepartners.com\/es\/wp-json\/wp\/v2\/users\/3038"}],"replies":[{"embeddable":true,"href":"https:\/\/pacepartners.com\/es\/wp-json\/wp\/v2\/comments?post=20619"}],"version-history":[{"count":5,"href":"https:\/\/pacepartners.com\/es\/wp-json\/wp\/v2\/pages\/20619\/revisions"}],"predecessor-version":[{"id":20897,"href":"https:\/\/pacepartners.com\/es\/wp-json\/wp\/v2\/pages\/20619\/revisions\/20897"}],"wp:featuredmedia":[{"embeddable":true,"href":"https:\/\/pacepartners.com\/es\/wp-json\/wp\/v2\/media\/20241"}],"wp:attachment":[{"href":"https:\/\/pacepartners.com\/es\/wp-json\/wp\/v2\/media?parent=20619"}],"curies":[{"name":"wp","href":"https:\/\/api.w.org\/{rel}","templated":true}]}}