{"id":20604,"date":"2023-07-20T16:54:49","date_gmt":"2023-07-20T22:54:49","guid":{"rendered":"https:\/\/pacepartners.com\/pequenas-empresas\/subvenciones-para-equipos-electricos-de-jardineria\/"},"modified":"2026-04-02T09:42:34","modified_gmt":"2026-04-02T15:42:34","slug":"subvenciones-para-equipos-de-jardineria","status":"publish","type":"page","link":"https:\/\/pacepartners.com\/es\/pequenas-empresas\/subvenciones-para-equipos-de-jardineria\/","title":{"rendered":"Subvenciones para equipos el\u00e9ctricos de jardiner\u00eda"},"content":{"rendered":"<div class=\"wpb-content-wrapper\"><p>[vc_row type=\u00bbfull_width_section\u00bb top_padding=\u00bb0&#8243; bottom_padding=\u00bb20&#8243;][vc_column width=\u00bb1\/1&#8243;]<div class=\"single_image wpb_content_element align-left    \" data-animation=\"none\" data-delay=\"0\"><img loading=\"lazy\" decoding=\"async\" width=\"2560\" height=\"490\" src=\"https:\/\/pacepartners.com\/wp-content\/uploads\/sites\/4\/2026\/01\/Landscape-Header.jpg\" class=\"attachment-full\" alt=\"Electric landscaping equipment in grass\" title=\"Landscape-Header\" srcset=\"https:\/\/pacepartners.com\/wp-content\/uploads\/sites\/4\/2026\/01\/Landscape-Header.jpg 2560w, https:\/\/pacepartners.com\/wp-content\/uploads\/sites\/4\/2026\/01\/Landscape-Header-300x57.jpg 300w, https:\/\/pacepartners.com\/wp-content\/uploads\/sites\/4\/2026\/01\/Landscape-Header-1024x196.jpg 1024w, https:\/\/pacepartners.com\/wp-content\/uploads\/sites\/4\/2026\/01\/Landscape-Header-768x147.jpg 768w, https:\/\/pacepartners.com\/wp-content\/uploads\/sites\/4\/2026\/01\/Landscape-Header-1536x294.jpg 1536w, https:\/\/pacepartners.com\/wp-content\/uploads\/sites\/4\/2026\/01\/Landscape-Header-2048x392.jpg 2048w\" sizes=\"auto, (max-width: 2560px) 100vw, 2560px\" \/><\/div>[\/vc_column][\/vc_row][vc_row top_padding=\u00bb0&#8243; bottom_padding=\u00bb20&#8243;][vc_column width=\u00bb1\/1&#8243;][vc_column_text]<\/p>\n<h1>Subvenciones para equipos el\u00e9ctricos de jardiner\u00eda<\/h1>\n<p>[\/vc_column_text][\/vc_column][\/vc_row][vc_row top_padding=\u00bb0&#8243; bottom_padding=\u00bb20&#8243;][vc_column width=\u00bb1\/1&#8243;][vc_column_text]Las empresas de jardiner\u00eda comercial desempe\u00f1an un papel esencial en el mantenimiento de la belleza y la habitabilidad de nuestra comunidad. Sin embargo, <strong>los equipos tradicionales de jardiner\u00eda que funcionan con gasolina son una fuente importante de contaminaci\u00f3n atmosf\u00e9rica y ac\u00fastica<\/strong>, una preocupaci\u00f3n cada vez mayor para los residentes de todo el condado de Boulder.<\/p>\n<p><strong>Para ponerlo en perspectiva:<\/strong><\/p>\n<ul>\n<li>Operar una cortadora de c\u00e9sped comercial durante una hora produce tanta contaminaci\u00f3n como conducir un veh\u00edculo de pasajero nuevo desde Los \u00c1ngeles hasta Las Vegas.<\/li>\n<li>Utilizar una sopladora de hojas comercial durante una hora emite una cantidad de contaminaci\u00f3n comparable a conducir ese mismo veh\u00edculo desde Los \u00c1ngeles hasta Denver.<\/li>\n<\/ul>\n<p>Para ayudar a las empresas locales a realizar la transici\u00f3n hacia operaciones m\u00e1s limpias y silenciosas, PACE se ha asociado con la ciudad de Boulder y American Green Zone Alliance (AGZA) para crear la subvenci\u00f3n para equipos el\u00e9ctricos de jardiner\u00eda.<\/p>\n<p><strong>Este programa ayuda a las peque\u00f1as empresas de jardiner\u00eda locales a realizar la transici\u00f3n de herramientas ruidosas y contaminantes que funcionan con gasolina a alternativas el\u00e9ctricas evaluadas y certificadas<\/strong>. A trav\u00e9s de apoyo financiero y orientaci\u00f3n experta, PACE ayuda a eliminar los costos por adelantado y las barreras log\u00edsticas del cambio de equipo, para que su empresa pueda disfrutar de:<\/p>\n<ul>\n<li>Menores costos de combustible y mantenimiento<\/li>\n<li>Condiciones de trabajo m\u00e1s silenciosas y c\u00f3modas<\/li>\n<li>Mejores relaciones con la comunidad y los clientes<\/li>\n<li>Reducci\u00f3n de emisiones e impacto ambiental<\/li>\n<\/ul>\n<p>Con la subvenci\u00f3n para equipos el\u00e9ctricos de jardiner\u00eda, <strong>puede modernizar las operaciones de su empresa mientras contribuye a los objetivos m\u00e1s amplios de sostenibilidad y aire limpio del condado de Boulder<\/strong>.[\/vc_column_text][\/vc_column][\/vc_row][vc_row top_padding=\u00bb20&#8243; bottom_padding=\u00bb20&#8243;][vc_column width=\u00bb1\/1&#8243;][vc_column_text]<\/p>\n<h2>Requisitos de la subvenci\u00f3n<\/h2>\n<p>[\/vc_column_text]<div class=\"divider divider1\" style='margin:0 0 20px 0 !important;'><\/div>[vc_column_text]<strong>\u00a1Ya se pueden presentar solicitudes para la beca de equipamiento de jardiner\u00eda de PACE!<\/strong><\/p>\n<p class=\"ul-title\"><strong>Detalles del subsidio<\/strong><\/p>\n<p>En 2026, la subvenci\u00f3n cubre el 50% del costo de los equipos el\u00e9ctricos (antes de impuestos). Debido a la alta demanda, la subvenci\u00f3n m\u00e1xima de PACE ahora es de $5,000. Usted debe cubrir el 50% restante y el 100% del impuesto sobre las ventas.<\/p>\n<p>Adem\u00e1s de la subvenci\u00f3n de PACE, hable con su tienda para recibir el 30% de descuento del programa de equipos el\u00e9ctricos del estado de Colorado. Los minoristas aplicar\u00e1n primero el descuento del estado y luego la subvenci\u00f3n de PACE.<\/p>\n<p class=\"ul-title\"><strong>Este a\u00f1o concederemos las becas mediante un sencillo proceso de sorteo:<\/strong><\/p>\n<ul>\n<li><a href=\"https:\/\/bouldercounty.formstack.com\/forms\/electric_landscaping_application_spanish\" target=\"_blank\" rel=\"noopener\">Solicitud en l\u00ednea desde ahora hasta el 14 de abril<\/a><\/li>\n<li><span data-teams=\"true\">Las subvenciones se otorgan a los solicitantes que cumplan los requisitos mediante un sorteo aleatorio al cierre del periodo de solicitudes y se distribuyen hasta agotar los fondos<\/span><\/li>\n<li>A partir del 27 de abril, se notificar\u00e1 a las empresas su situaci\u00f3n y los pasos siguientes<\/li>\n<\/ul>\n<p class=\"ul-title\"><strong>Esta subvenci\u00f3n est\u00e1 disponible para propietarios de negocios del condado de Boulder que cumplan con cada uno de los siguientes criterios:<\/strong><\/p>\n<ul>\n<li>El propietario vive en Colorado<\/li>\n<li>La empresa est\u00e1 ubicada en el condado de Boulder<\/li>\n<li>El negocio ha estado en funcionamiento por un m\u00ednimo de dos a\u00f1os<\/li>\n<li>El propietario gestiona y\/o trabaja en las operaciones diarias y toma decisiones a largo plazo<\/li>\n<li>La empresa tiene menos de 25 empleados<\/li>\n<li><span data-teams=\"true\">Empresas que hayan recibido menos de 15.000 d\u00f3lares en subvenciones del programa para equipos de paisajismo el\u00e9ctrico de PACE<\/span><\/li>\n<li>Se recomienda encarecidamente que las empresas propiedad de minor\u00edas presenten su solicitud<\/li>\n<\/ul>\n<p>[\/vc_column_text]<div class=\"spacer\" style=\"height: 20px;\"><\/div>[vc_btn title=\u00bbInscr\u00edbete en el sorteo de equipos de jardiner\u00eda\u00bb size=\u00bbxs\u00bb css=\u00bb\u00bb link=\u00bburl:https%3A%2F%2Fbouldercounty.formstack.com%2Fforms%2Felectric_landscaping_application_spanish|target:_blank\u00bb][\/vc_column][\/vc_row][vc_row top_padding=\u00bb20&#8243; bottom_padding=\u00bb20&#8243;][vc_column width=\u00bb1\/1&#8243;][vc_column_text]<\/p>\n<h2>Equipos elegibles<\/h2>\n<p>[\/vc_column_text]<div class=\"divider divider1\" style='margin:0 0 20px 0 !important;'><\/div>[vc_column_text]La subvenci\u00f3n cubre todos los equipos de jardiner\u00eda comercial <a href=\"https:\/\/agza.net\/agza-approved-equipment\/\" target=\"_blank\" rel=\"noopener\">certificados y probados en el campo por AGZA<\/a>. AGZA prueba sus equipos certificados para garantizar que las herramientas resistan el uso comercial y tengan un respaldo adecuado de repuestos. Los equipos incluyen sopladoras, bordeadoras, motosierras y cortadoras de c\u00e9sped de de Stihl, Husqvarna, Makita, Kress, MeanGreen, Greenworks, Towa y m\u00e1s. <strong>Nuestras tiendas aprobadas y socios del programa trabajar\u00e1n con usted para garantizar que el equipo que seleccione califique.<\/strong><\/p>\n<p>Tambi\u00e9n deber\u00e1 comprar accesorios como bater\u00edas, bater\u00edas de mochila, cables y sistemas de transporte para aprovechar al m\u00e1ximo su equipo. Aseg\u00farese de trabajar con asesor\u00eda de su tienda minorista para asegurarse de tener todos los accesorios que necesita para satisfacer su carga de trabajo diaria.[\/vc_column_text][\/vc_column][\/vc_row][vc_row top_padding=\u00bb20&#8243; bottom_padding=\u00bb20&#8243;][vc_column width=\u00bb1\/1&#8243;][vc_column_text]<\/p>\n<h2>Tiendas participantes<\/h2>\n<p>[\/vc_column_text]<div class=\"divider divider1\" style='margin:0 0 20px 0 !important;'><\/div>[vc_column_text]Si recibe un cup\u00f3n, puede usarlo en una de las siguientes tiendas:<\/p>\n<ul>\n<li>CPS Distributors (Boulder y Longmont)<\/li>\n<li>Earl&#8217;s Saw Shop (Boulder)<\/li>\n<li>High Altitude Equipment (Berthoud)<\/li>\n<li>Mac Equipment (Longmont)<\/li>\n<\/ul>\n<p>[\/vc_column_text][\/vc_column][\/vc_row][vc_row top_padding=\u00bb20&#8243; bottom_padding=\u00bb0&#8243;][vc_column width=\u00bb1\/1&#8243;][vc_column_text]<\/p>\n<h2>Preguntas frecuentes<\/h2>\n<p>[\/vc_column_text]<div class=\"divider divider1\" style='margin:0 0 20px 0 !important;'><\/div>[\/vc_column][\/vc_row][vc_row top_padding=\u00bb0&#8243; bottom_padding=\u00bb40&#8243;][vc_column width=\u00bb1\/1&#8243;][vc_tta_accordion section_title_tag=\u00bbh3&#8243; gap=\u00bb2&#8243; active_section=\u00bb0&#8243; collapsible_all=\u00bbtrue\u00bb][vc_tta_section title=\u00bb\u00bfComo puedo saber qu\u00e9 tipo de equipo el\u00e9ctrico es eligible en el programa?\u00bb tab_id=\u00bb1709144969391-18e4d098-d9f2&#8243;][vc_column_text]El equipo aprobado por el programa tiene que ser nuevo, completamente el\u00e9ctrico y aprobado por AGZA quien realiza pruebas de campo de equipo de jardiner\u00eda profesional y lo certifica. El programa se ofrece a trav\u00e9s de tiendas especializadas en estos equipos de jardiner\u00eda profesional en el Condado de Boulder. Estas tiendas distribuidoras adem\u00e1s ofrecen su conocimiento t\u00e9cnico para ayudar a los participantes a escoger el equipo de jardiner\u00eda que el programa incluye. Usted puede mirar el equipo que el programa ofrece accediendo al siguiente enlace <a href=\"https:\/\/agza.net\/agza-approved-equipment\/\" target=\"_blank\" rel=\"noopener\">AGZA AFTC Approved Equipment<\/a>.[\/vc_column_text][\/vc_tta_section][vc_tta_section title=\u00bbUna vez aprobada la subvenci\u00f3n, usted seleccionar\u00e1 a uno de nuestros socios minoristas locales especializados en equipos profesionales para el cuidado del c\u00e9sped y recibir\u00e1 un v\u00e1ucher de \u00e9l.\u00bb tab_id=\u00bb1709145088402-e30fc330-7948&#8243;][vc_column_text]AGZA (La Sociedad Americana de Zonas Verdes) esta comprometida a promover la calidad de vida de las comunidades, condiciones de trabajo de los trabajadores y las mejores practicas profesionales para la industria de la jardiner\u00eda y el mantenimiento. PACE se ha asociado con la ciudad de Boulder y AGZA para desarrollar nuestro programa de subvenciones para equipos de paisajismo, con AGZA provee adem\u00e1s asesor\u00eda t\u00e9cnica al programa que apoya a las peque\u00f1as empresas locales de paisajismo para iniciar la transici\u00f3n de equipos de paisajismo altamente contaminantes a alternativas el\u00e9ctricas examinadas.<\/p>\n<p>Los equipos probados sobre el terreno y certificados AGZA (AGZA Field Tested and Certified, AFTC) han sido probados exhaustivamente por AGZA para garantizar que pueden rendir al alto nivel que se exige a los equipos de jardiner\u00eda comercial a\u00f1o tras a\u00f1o. Tambi\u00e9n quieren asegurarse de que los fabricantes certificados ofrezcan una asistencia posventa adecuada y de que se disponga de recursos para reciclar las bater\u00edas.[\/vc_column_text][\/vc_tta_section][vc_tta_section title=\u00bb\u00bfPor qu\u00e9 el programa requiere los equipos de jardiner\u00eda comercial AGZA probados sobre el terreno y certificados?\u00bb tab_id=\u00bb1709145104240-178ab462-b5f1&#8243;][vc_column_text]Hay muchas opciones de equipos el\u00e9ctricos en el mercado y cada a\u00f1o hay m\u00e1s disponibles. Puede ser dif\u00edcil saber qu\u00e9 fabricantes son fiables y capaces de realizar el mantenimiento de terrenos a tiempo completo de tipo comercial a niveles suficientes para sustituir a las herramientas de gas. AGZA da su pleno respaldo a las marcas de su directorio, para ayudarlo a sentirse m\u00e1s c\u00f3modo con su inversi\u00f3n.<br \/>\n[\/vc_column_text][\/vc_tta_section][vc_tta_section title=\u00bb\u00bfD\u00f3nde puedo comprar mis equipos el\u00e9ctricos nuevos?\u00bb tab_id=\u00bb1709145118570-1632974c-5cc2&#8243;][vc_column_text]Una vez aprobada la subvenci\u00f3n, usted seleccionar\u00e1 a uno de nuestros socios minoristas locales especializados en equipos profesionales para el cuidado del c\u00e9sped y recibir\u00e1 un v\u00e1ucher de \u00e9l.<\/p>\n<p><strong>Tiendas autorizadas 2026<\/strong><\/p>\n<ul>\n<li>CPS Distributors (Boulder y Longmont)<\/li>\n<li>Earl&#8217;s Saw Shop (Boulder)<\/li>\n<li>High Altitude Equipment (Berthoud)<\/li>\n<li>Mac Equipment (Longmont)<\/li>\n<\/ul>\n<p>[\/vc_column_text][\/vc_tta_section][vc_tta_section title=\u00bb\u00bfPuedo comprar mis equipos en distintas tiendas con el mismo v\u00e1ucher?\u00bb tab_id=\u00bb1709145134977-e7ea2afd-b73c\u00bb][vc_column_text]No, debe elegir solo un comercio minorista autorizado donde pueda encontrar su marca favorita y el tipo de equipos que desea comprar. Le aconsejamos que investigue previamente y luego defina qu\u00e9 tienda estar\u00e1 en el v\u00e1ucher. Deber\u00eda poder indicar la tienda de su preferencia durante la solicitud o al hablarlo con su asesor.[\/vc_column_text][\/vc_tta_section][vc_tta_section title=\u00bb\u00bfQu\u00e9 equipos y marcas se ofrecen en el programa?\u00bb tab_id=\u00bb1709145150254-ee305a1a-7418&#8243;][vc_column_text]La lista de equipos de jardiner\u00eda comercial AGZA probados sobre el terreno y certificados incluye las siguientes marcas aprobadas en el programa: Stihl, Mean Green, Husqvarna, Makita y Kress. Puede consultar la lista completa de equipos elegibles <a href=\"https:\/\/agza.net\/agza-approved-equipment\/\" target=\"_blank\" rel=\"noopener\">en el sitio web de AGZA.<\/a>[\/vc_column_text][\/vc_tta_section][vc_tta_section title=\u00bb\u00bfPuedo conseguir diferentes marcas con el v\u00e1ucher?\u00bb tab_id=\u00bb1709145166141-6903caf0-9fab\u00bb][vc_column_text]Puede utilizar su v\u00e1ucher para adquirir equipos de distintos fabricantes siempre que est\u00e9n disponibles en el comercio minorista que elija y figuren en la lista de equipos AGZA probados sobre el terreno y certificados. Los equipos de fabricantes que no cuenten con la certificaci\u00f3n AGZA de pruebas sobre el terreno no podr\u00e1n adquirirse a trav\u00e9s del programa de PACE.[\/vc_column_text][\/vc_tta_section][vc_tta_section title=\u00bb\u00bfQu\u00e9 es un v\u00e1ucher y c\u00f3mo lo recibo?\u00bb tab_id=\u00bb1709145183378-bce2e61b-79e9&#8243;][vc_column_text]Una vez que reciba la confirmaci\u00f3n de que se le ha aprobado una subvenci\u00f3n de PACE para equipos de jardiner\u00eda, recibir\u00e1 un correo electr\u00f3nico con un documento electr\u00f3nico que le servir\u00e1 de v\u00e1ucher. Los v\u00e1ucheres deben incluir su firma electr\u00f3nica y la firma del gestor del programa de PACE para ser v\u00e1lidos. Puede firmar el documento electr\u00f3nicamente directamente al abrirlo y rellenar las casillas resaltadas.<\/p>\n<p>Su asesor de PACE puede orientarlo si no sabe c\u00f3mo firmar el documento electr\u00f3nicamente o puede ofrecerle otra opci\u00f3n. Recibir\u00e1 una copia por correo electr\u00f3nico con las dos firmas requeridas que es un v\u00e1ucher v\u00e1lido que puede utilizar para comprar equipos en el comercio minorista que haya seleccionado.[\/vc_column_text][\/vc_tta_section][vc_tta_section title=\u00bb\u00bfCu\u00e1ndo puedo ir a comprar mis equipos?\u00bb tab_id=\u00bb1709145193296-b5c2cb5c-4f17&#8243;][vc_column_text]Una vez que haya recibido su v\u00e1ucher cumplimentado, puede llevarlo a la tienda que haya seleccionado y realizar su(s) compra(s). [\/vc_column_text][\/vc_tta_section][vc_tta_section title=\u00bb\u00bfCu\u00e1nto tiempo tengo para utilizar el v\u00e1ucher y comprar mis equipos?\u00bb tab_id=\u00bb1709145210866-5326a7a9-ef08&#8243;][vc_column_text]Los cupones vendr\u00e1n con una fecha de vencimiento y deben usarse antes de la fecha l\u00edmite. [\/vc_column_text][\/vc_tta_section][vc_tta_section title=\u00bb\u00bfTengo que comprar todos mis equipos a la vez y puedo hacerlo en diferentes tiendas?\u00bb tab_id=\u00bb1709145226579-6587161a-caa7&#8243;][vc_column_text]Los v\u00e1ucheres solo pueden utilizarse <strong>una vez<\/strong> en <strong>una tienda<\/strong>. Si solo gasta una cantidad parcial, puede volver a solicitar el programa en el futuro.[\/vc_column_text][\/vc_tta_section][vc_tta_section title=\u00bbSi hay que encargar los equipos que quiero comprar, \u00bfcu\u00e1nto tardar\u00e9 en recibir el pedido una vez realizada la compra?\u00bb tab_id=\u00bb1709145238985-b2daf35a-c205&#8243;][vc_column_text]Dado que las pol\u00edticas var\u00edan de una tienda a otra, le recomendamos que investigue y hable directamente con un representante de ventas de la tienda para preguntar todos los detalles sobre los equipos que desea comprar: disponibilidad del producto, tiempo de reposici\u00f3n, devoluciones, accesorios, garant\u00eda, servicios, etc.<\/p>\n<p>Los t\u00e9rminos y las condiciones del v\u00e1ucher no est\u00e1n pensados para interferir ni reemplazar a ninguno de los t\u00e9rminos y de las condiciones o garant\u00edas del fabricante asociadas con los equipos.<\/p>\n<p>Sujetos a los t\u00e9rminos y las condiciones del comercio minorista, los art\u00edculos comprados usando el v\u00e1ucher pueden ser devueltos al minorista y pedir un reembolso de hasta la cantidad gastada del bolsillo propio por el titular del v\u00e1ucher sobre los art\u00edculos devueltos. Pueden aplicarse otros t\u00e9rminos y condiciones de los comercios respecto de las devoluciones, incluso tarifas de reabastecimiento que ser\u00e1n responsabilidad del titular del v\u00e1ucher.<\/p>\n<p>No puede usar el v\u00e1ucher junto con ning\u00fan otro descuento a las ventas ni ofertas promocionales.[\/vc_column_text][\/vc_tta_section][vc_tta_section title=\u00bb\u00bfPuedo volver a solicitar la subvenci\u00f3n?\u00bb tab_id=\u00bb1709145256967-e4d77dfb-d66c\u00bb][vc_column_text]S\u00ed, puede volver a solicitar la subvenci\u00f3n cada a\u00f1o si hay fondos disponibles. El Condado de Boulder se reserva el derecho de modificar o descontinuar el programa de cupones en cualquier momento.[\/vc_column_text][\/vc_tta_section][vc_tta_section title=\u00bb\u00bfDisponen de alg\u00fan tipo de formaci\u00f3n para aprender a manejar correctamente los equipos el\u00e9ctricos de jardiner\u00eda?\u00bb tab_id=\u00bb1709145286812-beca87e8-1b46&#8243;][vc_column_text]Puede encontrar formaci\u00f3n y talleres en l\u00ednea para aprender a manejar correctamente los equipos el\u00e9ctricos de jardiner\u00eda. <a href=\"https:\/\/agza.net\/service-pro-certificate-course\/\" target=\"_blank\" rel=\"noopener\">El Curso de Certificaci\u00f3n Service Pro de AGZA, Nivel 1<\/a> es un recurso excelente que le ense\u00f1a todos los fundamentos que necesita saber sobre la transici\u00f3n al cuidado de terrenos de bajo impacto con energ\u00eda el\u00e9ctrica. La ciudad de Boulder podr\u00eda ofrecer este curso de forma gratuita en el futuro. <a href=\"mailto:info@pacepartners.com\">Contacte a su asesor de PACE<\/a> para obtener m\u00e1s informaci\u00f3n.[\/vc_column_text][\/vc_tta_section][vc_tta_section title=\u00bb\u00bfC\u00f3mo puedo recibir notificaciones sobre noticias y eventos relacionados con la subvenci\u00f3n PACE para equipos el\u00e9ctricos de jardiner\u00eda?\u00bb tab_id=\u00bb1709145300903-4f56b939-d9c7&#8243;][vc_column_text]<a href=\"https:\/\/lp.constantcontactpages.com\/sl\/eiLEEF6\/PACESpanish\" target=\"_blank\" rel=\"noopener\">Puede suscribirse para recibir el bolet\u00edn mensual de PACE<\/a>, que incluye informaci\u00f3n sobre los programas PACE, descuentos, testimonios de la comunidad, anuncios importantes y mucho m\u00e1s.[\/vc_column_text][\/vc_tta_section][\/vc_tta_accordion][\/vc_column][\/vc_row][vc_row top_padding=\u00bb20&#8243; bottom_padding=\u00bb40&#8243;][vc_column width=\u00bb1\/1&#8243;][vc_column_text]<\/p>\n<h2>Si tiene m\u00e1s preguntas, contacte a un asesor de sostenibilidad comercial a trav\u00e9s del 303-786-7223 o <a href=\"mailto:info@PACEpartners.com\">info@PACEpartners.com<\/a>.<\/h2>\n<p>[\/vc_column_text][\/vc_column][\/vc_row][vc_row bg_color=\u00bb#EDF6F1&#8243; top_padding=\u00bb40&#8243; bottom_padding=\u00bb40&#8243;][vc_column width=\u00bb1\/2&#8243;]<div class=\"video-embed  wpb_content_element\"><iframe loading=\"lazy\" title=\"Local Boulder County Business switches to Electric Landscaping Equipment\" width=\"1161\" height=\"653\" src=\"https:\/\/www.youtube.com\/embed\/mc_G-f3CtUM?feature=oembed\" frameborder=\"0\" allow=\"accelerometer; autoplay; clipboard-write; encrypted-media; gyroscope; picture-in-picture; web-share\" referrerpolicy=\"strict-origin-when-cross-origin\" allowfullscreen><\/iframe><\/div>[\/vc_column][vc_column width=\u00bb1\/2&#8243;][vc_column_text]<\/p>\n<h2>Testimonio de la comunidad<\/h2>\n<p>[\/vc_column_text]<div class=\"spacer\" style=\"height: 15px;\"><\/div>[vc_column_text]Cuando Dwayne Kramer adquiri\u00f3 <a style=\"text-decoration: underline\" href=\"https:\/\/greenspaceslandscaping.com\/\" target=\"_blank\" rel=\"noopener\">Greenspaces Landscaping<\/a> en 2023, dio prioridad a cambiar los viejos equipos de gas por versiones el\u00e9ctricas. Adem\u00e1s de los atractivos reembolsos de PACE, Kramer quer\u00eda aprovechar el ahorro de combustible y apoyar tanto la salud de los trabajadores como la de la comunidad reduciendo al m\u00ednimo las emisiones y el ruido con una maquinaria limpia y silenciosa.<\/p>\n<p>Al principio, el equipo de trabajo de Kramer dudaba en probar los nuevos equipos operados por bater\u00eda, pero la actualizaci\u00f3n a su nuevo cortac\u00e9sped el\u00e9ctrico Mean Green ha convencido incluso a sus empleados m\u00e1s esc\u00e9pticos. La empresa tambi\u00e9n ha adquirido otros aparatos el\u00e9ctricos, como sopladoras, bordeadoras y motosierras, que en general les resultan m\u00e1s f\u00e1ciles de usar que los equipos a gas, sobre todo porque ya no tienen que mezclar aceite y gas en el campo. Vea el video de Greenspaces para obtener m\u00e1s informaci\u00f3n.[\/vc_column_text]<div class=\"spacer\" style=\"height: 40px;\"><\/div><a href=\"https:\/\/pacepartners.com\/get-started\/\" target=\"_self\" class=\"button color-7 small \" style=\"border-radius: 2px;\">Get started with PACE!<\/a>[\/vc_column][\/vc_row]<\/p>\n<\/div>","protected":false},"excerpt":{"rendered":"<p>[vc_row type=\u00bbfull_width_section\u00bb top_padding=\u00bb0&#8243; bottom_padding=\u00bb20&#8243;][vc_column width=\u00bb1\/1&#8243;][\/vc_column][\/vc_row][vc_row top_padding=\u00bb0&#8243; bottom_padding=\u00bb20&#8243;][vc_column width=\u00bb1\/1&#8243;][vc_column_text] Subvenciones para equipos el\u00e9ctricos de jardiner\u00eda [\/vc_column_text][\/vc_column][\/vc_row][vc_row top_padding=\u00bb0&#8243; bottom_padding=\u00bb20&#8243;][vc_column width=\u00bb1\/1&#8243;][vc_column_text]Las empresas de jardiner\u00eda comercial desempe\u00f1an un papel esencial en el mantenimiento de la belleza y la habitabilidad de nuestra comunidad. Sin embargo, los equipos tradicionales de jardiner\u00eda que funcionan con gasolina son una fuente importante de contaminaci\u00f3n atmosf\u00e9rica y ac\u00fastica, una preocupaci\u00f3n cada vez mayor para los residentes de todo el condado de Boulder. Para ponerlo en perspectiva: Operar una cortadora de c\u00e9sped comercial durante una hora produce tanta contaminaci\u00f3n como conducir un veh\u00edculo de pasajero nuevo desde Los \u00c1ngeles hasta Las Vegas. Utilizar una sopladora de hojas comercial durante una hora emite una cantidad de contaminaci\u00f3n comparable a conducir ese mismo veh\u00edculo desde Los \u00c1ngeles hasta Denver. Para ayudar a las empresas locales a realizar la transici\u00f3n hacia operaciones m\u00e1s limpias y silenciosas, PACE se ha asociado con la ciudad de Boulder y American Green Zone Alliance (AGZA) para crear la subvenci\u00f3n para equipos el\u00e9ctricos de jardiner\u00eda. Este programa ayuda a las peque\u00f1as empresas de jardiner\u00eda locales a realizar la transici\u00f3n de herramientas ruidosas y contaminantes que funcionan con gasolina a alternativas el\u00e9ctricas evaluadas y certificadas. A trav\u00e9s de apoyo financiero [&hellip;]<\/p>\n","protected":false},"author":3030,"featured_media":0,"parent":20590,"menu_order":0,"comment_status":"closed","ping_status":"closed","template":"","meta":{"_acf_changed":false,"footnotes":""},"class_list":["post-20604","page","type-page","status-publish","hentry"],"acf":[],"_links":{"self":[{"href":"https:\/\/pacepartners.com\/es\/wp-json\/wp\/v2\/pages\/20604","targetHints":{"allow":["GET"]}}],"collection":[{"href":"https:\/\/pacepartners.com\/es\/wp-json\/wp\/v2\/pages"}],"about":[{"href":"https:\/\/pacepartners.com\/es\/wp-json\/wp\/v2\/types\/page"}],"author":[{"embeddable":true,"href":"https:\/\/pacepartners.com\/es\/wp-json\/wp\/v2\/users\/3030"}],"replies":[{"embeddable":true,"href":"https:\/\/pacepartners.com\/es\/wp-json\/wp\/v2\/comments?post=20604"}],"version-history":[{"count":16,"href":"https:\/\/pacepartners.com\/es\/wp-json\/wp\/v2\/pages\/20604\/revisions"}],"predecessor-version":[{"id":20950,"href":"https:\/\/pacepartners.com\/es\/wp-json\/wp\/v2\/pages\/20604\/revisions\/20950"}],"up":[{"embeddable":true,"href":"https:\/\/pacepartners.com\/es\/wp-json\/wp\/v2\/pages\/20590"}],"wp:attachment":[{"href":"https:\/\/pacepartners.com\/es\/wp-json\/wp\/v2\/media?parent=20604"}],"curies":[{"name":"wp","href":"https:\/\/api.w.org\/{rel}","templated":true}]}}