{"id":20590,"date":"2020-07-28T09:53:33","date_gmt":"2020-07-28T15:53:33","guid":{"rendered":"https:\/\/pacepartners.com\/programas-de-pace-para-pequenas-empresas\/"},"modified":"2026-02-03T13:47:00","modified_gmt":"2026-02-03T20:47:00","slug":"pequenas-empresas","status":"publish","type":"page","link":"https:\/\/pacepartners.com\/es\/pequenas-empresas\/","title":{"rendered":"Programas para peque\u00f1as empresas"},"content":{"rendered":"<div class=\"wpb-content-wrapper\"><p>[vc_row type=\u00bbfull_width_section\u00bb top_padding=\u00bb0&#8243; bottom_padding=\u00bb20&#8243;][vc_column width=\u00bb1\/1&#8243;]<div class=\"single_image wpb_content_element align-center    \" data-animation=\"none\" data-delay=\"0\"><img loading=\"lazy\" decoding=\"async\" width=\"2560\" height=\"490\" src=\"https:\/\/pacepartners.com\/wp-content\/uploads\/sites\/4\/2026\/01\/Small-Biz-Programs-Header.jpg\" class=\"attachment-full\" alt=\"A woman stands next to an electric oven in a commercial kitchen. She is talking to a man whose upper back and head is visible in the foreground.\" title=\"Small-Biz-Programs-Header\" srcset=\"https:\/\/pacepartners.com\/wp-content\/uploads\/sites\/4\/2026\/01\/Small-Biz-Programs-Header.jpg 2560w, https:\/\/pacepartners.com\/wp-content\/uploads\/sites\/4\/2026\/01\/Small-Biz-Programs-Header-300x57.jpg 300w, https:\/\/pacepartners.com\/wp-content\/uploads\/sites\/4\/2026\/01\/Small-Biz-Programs-Header-1024x196.jpg 1024w, https:\/\/pacepartners.com\/wp-content\/uploads\/sites\/4\/2026\/01\/Small-Biz-Programs-Header-768x147.jpg 768w, https:\/\/pacepartners.com\/wp-content\/uploads\/sites\/4\/2026\/01\/Small-Biz-Programs-Header-1536x294.jpg 1536w, https:\/\/pacepartners.com\/wp-content\/uploads\/sites\/4\/2026\/01\/Small-Biz-Programs-Header-2048x392.jpg 2048w\" sizes=\"auto, (max-width: 2560px) 100vw, 2560px\" \/><\/div>[\/vc_column][\/vc_row][vc_row top_padding=\u00bb0&#8243; bottom_padding=\u00bb40&#8243;][vc_column width=\u00bb1\/1&#8243;][vc_column_text]<\/p>\n<h1>Programas para peque\u00f1as empresas<\/h1>\n<p>[\/vc_column_text][\/vc_column][\/vc_row][vc_row top_padding=\u00bb0&#8243; bottom_padding=\u00bb40&#8243;][vc_column width=\u00bb1\/1&#8243;][vc_column_text]<\/p>\n<p class=\"_04xlpA direction-ltr align-start para-style-body\"><span class=\"WdYUQQ text-decoration-none text-strikethrough-none\">PACE valora las contribuciones que las peque\u00f1as empresas hacen a nuestra comunidad, como por ejemplo, un inventario diverso, servicios a medida e innovaciones creativas. Las peque\u00f1as empresas equivalen a la porci\u00f3n m\u00e1s grande del inventario comercial del Condado de Boulder y conforman un porcentaje muy grande del sector empresarial. <\/span><\/p>\n<p class=\"_04xlpA direction-ltr align-start para-style-body\"><span class=\"WdYUQQ text-decoration-none text-strikethrough-none\">Para apoyar a las peque\u00f1as empresas de nuestro condado, PACE prepar\u00f3 varias ofertas para ayudar a mejorar la infraestructura de las empresas a la vez que mejora la sostenibilidad, la resiliencia y los ahorros de costos y energ\u00eda a largo plazo. A trav\u00e9s de estas ofertas de subvenciones, su empresa podr\u00eda operar de manera m\u00e1s eficiente, ahorrar dinero, contribuir con metas de sostenibilidad y pasar a ser m\u00e1s resiliente. Sabemos que est\u00e1n muy ocupados, pero cuentan con PACE para ayudarlos a concretar sus metas de sostenibilidad.  <\/span><\/p>\n<p>[\/vc_column_text][\/vc_column][\/vc_row][vc_row top_padding=\u00bb0&#8243;][vc_column width=\u00bb1\/1&#8243;][vc_column_text]<\/p>\n<h2>Subvenci\u00f3n para equipos de restaurante<\/h2>\n<p>[\/vc_column_text]<div class=\"divider divider1\" style='margin:0 0 20px 0 !important;'><\/div>[\/vc_column][\/vc_row][vc_row top_padding=\u00bb0&#8243; bottom_padding=\u00bb40&#8243;][vc_column width=\u00bb1\/3&#8243;][vc_single_image image=\u00bb18086&#8243; img_size=\u00bbfull\u00bb css=\u00bb\u00bb][\/vc_column][vc_column width=\u00bb2\/3&#8243;][vc_column_text]La subvenci\u00f3n para equipos de restaurante de PACE est\u00e1 dise\u00f1ada para ayudar a peque\u00f1os restaurantes, tiendas de comestibles, tiendas de conveniencia, licorer\u00edas y empresas de catering locales del condado de Boulder a actualizar sus equipos a modelos modernos y energ\u00e9ticamente eficientes. El programa tambi\u00e9n apoya a las empresas que desean hacer la transici\u00f3n de equipos de cocina que funcionan con gas a alternativas el\u00e9ctricas limpias.[\/vc_column_text]<div class=\"spacer\" style=\"height: 40px;\"><\/div><a href=\"https:\/\/pacepartners.com\/small-business\/refrigeration-and-restaurant-equipment-grants\/\" target=\"_self\" class=\"button color-1 small \" style=\"border-radius: 1;\">Restaurant Equipment Grant<\/a>[\/vc_column][\/vc_row][vc_row top_padding=\u00bb0&#8243;][vc_column width=\u00bb1\/1&#8243;][vc_column_text]<\/p>\n<h2>Subvenciones para equipos el\u00e9ctricos de jardiner\u00eda<\/h2>\n<p>[\/vc_column_text]<div class=\"divider divider1\" style='margin:0 0 20px 0 !important;'><\/div>[\/vc_column][\/vc_row][vc_row top_padding=\u00bb0&#8243; bottom_padding=\u00bb40&#8243;][vc_column width=\u00bb1\/3&#8243;][vc_single_image image=\u00bb19001&#8243; img_size=\u00bbfull\u00bb css=\u00bb\u00bb][\/vc_column][vc_column width=\u00bb2\/3&#8243;][vc_column_text]Para ayudar a las empresas locales a realizar la transici\u00f3n hacia operaciones m\u00e1s limpias y silenciosas, PACE se ha asociado con la ciudad de Boulder y American Green Zone Alliance (AGZA) para crear la subvenci\u00f3n para equipos el\u00e9ctricos de jardiner\u00eda.<\/p>\n<p>This program helps small, locally owned landscaping companies transition from loud, polluting gas-powered tools to vetted electric alternatives. Through financial support and expert guidance, PACE helps remove the upfront cost and logistical barriers to switching equipment so you can modernize your business operations while supporting Boulder County\u2019s broader sustainability and clean air goals.[\/vc_column_text]<div class=\"spacer\" style=\"height: 40px;\"><\/div><a href=\"https:\/\/pacepartners.com\/small-business\/landscaping-equipment-grants\/\" target=\"_self\" class=\"button color-1 small \" style=\"border-radius: 1;\">Landscaping Equipment Grant<\/a>[\/vc_column][\/vc_row][vc_row top_padding=\u00bb0&#8243;][vc_column width=\u00bb1\/1&#8243;][vc_column_text]<\/p>\n<h2>Subsidios para loncheras y negocios m\u00f3viles<\/h2>\n<p>[\/vc_column_text]<div class=\"divider divider1\" style='margin:0 0 20px 0 !important;'><\/div>[\/vc_column][\/vc_row][vc_row top_padding=\u00bb0&#8243; bottom_padding=\u00bb40&#8243;][vc_column width=\u00bb1\/3&#8243;]<div class=\"single_image wpb_content_element align-left    \" data-animation=\"none\" data-delay=\"0\"><img loading=\"lazy\" decoding=\"async\" width=\"800\" height=\"500\" src=\"https:\/\/pacepartners.com\/wp-content\/uploads\/sites\/4\/2025\/11\/experts.jpg\" class=\"attachment-full\" alt=\"\" title=\"experts\" srcset=\"https:\/\/pacepartners.com\/wp-content\/uploads\/sites\/4\/2025\/11\/experts.jpg 800w, https:\/\/pacepartners.com\/wp-content\/uploads\/sites\/4\/2025\/11\/experts-300x188.jpg 300w, https:\/\/pacepartners.com\/wp-content\/uploads\/sites\/4\/2025\/11\/experts-768x480.jpg 768w\" sizes=\"auto, (max-width: 800px) 100vw, 800px\" \/><\/div>[\/vc_column][vc_column width=\u00bb2\/3&#8243;][vc_column_text]In collaboration with the Regional Air Quality Council (RAQC), PACE has an initiative to support mobile food vendors in becoming more sustainable. This program allows food truck and mobile business owners in Boulder County to upgrade their old kitchen equipment and convert dirty and noisy generators into efficient electric zero-emission power stations.[\/vc_column_text]<div class=\"spacer\" style=\"height: 40px;\"><\/div><a href=\"https:\/\/pacepartners.com\/small-business\/food-truck-grant\/\" target=\"_self\" class=\"button color-1 small \" style=\"border-radius: 1;\">Food Truck Electrification Grant<\/a>[\/vc_column][\/vc_row][vc_row top_padding=\u00bb0&#8243; bottom_padding=\u00bb40&#8243;][vc_column width=\u00bb1\/1&#8243;][vc_column_text]<\/p>\n<h2>Historia del programa<\/h2>\n<p>[\/vc_column_text]<div class=\"divider divider1\" style='margin:0 0 20px 0 !important;'><\/div>[vc_column_text]En el 2019, PACE y la ciudad de Boulder lanzaron un programa piloto para ayudar a los peque\u00f1os restaurantes y tiendas de alimentos de propiedad local para reemplazar equipos de restaurantes viejos e ineficientes por equipos de reemplazo modernos y respetuosos con el medio ambiente. Los participantes del piloto ayudaron a PACE a identificar que, en el pasado, las mayores barreras para llevar a cabo estas actualizaciones eran los costos iniciales y la gesti\u00f3n de la log\u00edstica de instalaci\u00f3n. <\/p>\n<p>A trav\u00e9s del piloto, PACE ofreci\u00f3 mayores incentivos financieros mediante una subvenci\u00f3n inicial, en lugar de un reembolso retroactivo, as\u00ed como un proceso simplificado para entregar\/instalar equipos nuevos y eliminar adecuadamente los equipos viejos e ineficientes.<\/p>\n<p>El programa piloto fue un gran \u00e9xito y los participantes ahora disfrutan de los beneficios de equipos nuevos y energ\u00e9ticamente eficientes que ya est\u00e1n ahorrando dinero en sus facturas mensuales de servicios p\u00fablicos. PACE est\u00e1 encantado de ofrecer ahora esta subvenci\u00f3n en todo el condado y de haber agregado programaci\u00f3n adicional dise\u00f1ada espec\u00edficamente para empresas locales.[\/vc_column_text][\/vc_column][\/vc_row][vc_row bg_color=\u00bb#EDF6F1&#8243; text_color=\u00bbcustom\u00bb custom_text_color=\u00bb#2F2D2E\u00bb top_padding=\u00bb40&#8243; bottom_padding=\u00bb40&#8243;][vc_column width=\u00bb1\/3&#8243;][vc_single_image image=\u00bb18138&#8243; img_size=\u00bbfull\u00bb][\/vc_column][vc_column width=\u00bb2\/3&#8243;][vc_column_text]<\/p>\n<h2>Testimonio de la comunidad<\/h2>\n<p>[\/vc_column_text]<div class=\"spacer\" style=\"height: 15px;\"><\/div>[vc_column_text]<a style=\"text-decoration: underline;font-weight: bold\" href=\"https:\/\/rinconargentinoboulder.com\/\" target=\"_blank\" rel=\"noopener noreferrer\">Rincon Argentino<\/a>, a family-owned Argentinian restaurant, has been operating in Boulder&#8217;s Goss Grove neighborhood since 2012. The restaurant was able to upgrade several refrigerators through PACE&#8217;s 2019 small business equity pilot program.<\/p>\n<p>\u201cSomos una peque\u00f1a empresa familiar. Intentamos respetar el medio ambiente tanto como sea posible pero algunas veces las medidas que queremos implementar tienen costos exorbitantes. Hab\u00edamos querido reemplazar nuestros viejos refrigeradores ineficientes\u2026 pero el costo lo complicaba. Con este programa pudimos completar las actualizaciones que quer\u00edamos. Los conocimientos expertos y el tiempo (de PACE) nos sirvieron tanto como el impacto econ\u00f3mico\u201d.[\/vc_column_text]<div class=\"spacer\" style=\"height: 20px;\"><\/div><a href=\"https:\/\/pacepartners.com\/get-started\/\" target=\"_self\" class=\"button color-1 small \" style=\"border-radius: 1;\">Get started with PACE!<\/a>[\/vc_column][\/vc_row]<\/p>\n<\/div>","protected":false},"excerpt":{"rendered":"<p>[vc_row type=\u00bbfull_width_section\u00bb top_padding=\u00bb0&#8243; bottom_padding=\u00bb20&#8243;][vc_column width=\u00bb1\/1&#8243;][\/vc_column][\/vc_row][vc_row top_padding=\u00bb0&#8243; bottom_padding=\u00bb40&#8243;][vc_column width=\u00bb1\/1&#8243;][vc_column_text] Programas para peque\u00f1as empresas [\/vc_column_text][\/vc_column][\/vc_row][vc_row top_padding=\u00bb0&#8243; bottom_padding=\u00bb40&#8243;][vc_column width=\u00bb1\/1&#8243;][vc_column_text] PACE valora las contribuciones que las peque\u00f1as empresas hacen a nuestra comunidad, como por ejemplo, un inventario diverso, servicios a medida e innovaciones creativas. Las peque\u00f1as empresas equivalen a la porci\u00f3n m\u00e1s grande del inventario comercial del Condado de Boulder y conforman un porcentaje muy grande del sector empresarial. Para apoyar a las peque\u00f1as empresas de nuestro condado, PACE prepar\u00f3 varias ofertas para ayudar a mejorar la infraestructura de las empresas a la vez que mejora la sostenibilidad, la resiliencia y los ahorros de costos y energ\u00eda a largo plazo. A trav\u00e9s de estas ofertas de subvenciones, su empresa podr\u00eda operar de manera m\u00e1s eficiente, ahorrar dinero, contribuir con metas de sostenibilidad y pasar a ser m\u00e1s resiliente. Sabemos que est\u00e1n muy ocupados, pero cuentan con PACE para ayudarlos a concretar sus metas de sostenibilidad. [\/vc_column_text][\/vc_column][\/vc_row][vc_row top_padding=\u00bb0&#8243;][vc_column width=\u00bb1\/1&#8243;][vc_column_text] Subvenci\u00f3n para equipos de restaurante [\/vc_column_text][\/vc_column][\/vc_row][vc_row top_padding=\u00bb0&#8243; bottom_padding=\u00bb40&#8243;][vc_column width=\u00bb1\/3&#8243;][vc_single_image image=\u00bb18086&#8243; img_size=\u00bbfull\u00bb css=\u00bb\u00bb][\/vc_column][vc_column width=\u00bb2\/3&#8243;][vc_column_text]La subvenci\u00f3n para equipos de restaurante de PACE est\u00e1 dise\u00f1ada para ayudar a peque\u00f1os restaurantes, tiendas de comestibles, tiendas de conveniencia, licorer\u00edas y empresas de catering locales del condado de Boulder a actualizar sus [&hellip;]<\/p>\n","protected":false},"author":3003,"featured_media":20241,"parent":0,"menu_order":0,"comment_status":"closed","ping_status":"closed","template":"","meta":{"_acf_changed":false,"footnotes":""},"class_list":["post-20590","page","type-page","status-publish","has-post-thumbnail","hentry"],"acf":[],"_links":{"self":[{"href":"https:\/\/pacepartners.com\/es\/wp-json\/wp\/v2\/pages\/20590","targetHints":{"allow":["GET"]}}],"collection":[{"href":"https:\/\/pacepartners.com\/es\/wp-json\/wp\/v2\/pages"}],"about":[{"href":"https:\/\/pacepartners.com\/es\/wp-json\/wp\/v2\/types\/page"}],"author":[{"embeddable":true,"href":"https:\/\/pacepartners.com\/es\/wp-json\/wp\/v2\/users\/3003"}],"replies":[{"embeddable":true,"href":"https:\/\/pacepartners.com\/es\/wp-json\/wp\/v2\/comments?post=20590"}],"version-history":[{"count":7,"href":"https:\/\/pacepartners.com\/es\/wp-json\/wp\/v2\/pages\/20590\/revisions"}],"predecessor-version":[{"id":20720,"href":"https:\/\/pacepartners.com\/es\/wp-json\/wp\/v2\/pages\/20590\/revisions\/20720"}],"wp:featuredmedia":[{"embeddable":true,"href":"https:\/\/pacepartners.com\/es\/wp-json\/wp\/v2\/media\/20241"}],"wp:attachment":[{"href":"https:\/\/pacepartners.com\/es\/wp-json\/wp\/v2\/media?parent=20590"}],"curies":[{"name":"wp","href":"https:\/\/api.w.org\/{rel}","templated":true}]}}