{"id":20555,"date":"2021-05-04T12:08:30","date_gmt":"2021-05-04T18:08:30","guid":{"rendered":"https:\/\/pacepartners.com\/reembolsos-y-subsidios\/"},"modified":"2026-03-10T10:00:25","modified_gmt":"2026-03-10T16:00:25","slug":"reembolsos-y-subsidios","status":"publish","type":"page","link":"https:\/\/pacepartners.com\/es\/reembolsos-y-subsidios\/","title":{"rendered":"Reembolsos y Subsidios"},"content":{"rendered":"<div class=\"wpb-content-wrapper\"><p>[vc_row top_padding=\u00bb20&#8243; bottom_padding=\u00bb20&#8243;][vc_column width=\u00bb1\/1&#8243;][vc_column_text]<\/p>\n<h1>Reembolsos y Subsidios<\/h1>\n<p>[\/vc_column_text][\/vc_column][\/vc_row][vc_row top_padding=\u00bb0&#8243; bottom_padding=\u00bb40&#8243;][vc_column width=\u00bb1\/1&#8243;][vc_column_text]Partners for a Clean Environment (PACE) ha trabajado con m\u00e1s de 2100 empresas en el condado de Boulder, ayud\u00e1ndolas a acceder a reembolsos y subvenciones para realizar cambios significativos hacia la sostenibilidad y la electrificaci\u00f3n. Nuestros asesores tambi\u00e9n ayudan a las empresas a tomar decisiones inteligentes que mejoran sus operaciones y reducen su impacto medioambiental. PACE ofrece descuentos, incentivos y asesoramiento en <strong>materia de eficiencia energ\u00e9tica y electrificaci\u00f3n, reducci\u00f3n de residuos, eficiencia h\u00eddrica y transporte<\/strong>. Disponemos de descuentos y subvenciones adicionales para los propietarios de <a href=\"https:\/\/pacepartners.com\/es\/recursos\/para-propietarios-y-administradores-de-fincas\/#equity-priority\">edificios prioritarios de equidad<\/a> y <a href=\"https:\/\/pacepartners.com\/es\/pequenas-empresas\/\">los propietarios de peque\u00f1as empresas<\/a> del condado de Boulder.   <\/p>\n<p>Elija un \u00e1rea del programa a continuaci\u00f3n para obtener m\u00e1s informaci\u00f3n sobre lo que PACE puede hacer por su negocio. Si no est\u00e1 seguro de por d\u00f3nde empezar, <a href=\"mailto:info@pacepartners.com\">p\u00f3ngase en contacto con uno de nuestros asesores<\/a>, que le ayudar\u00e1 a dar los primeros pasos. <\/p>\n<p class=\"ul-title\"><strong>L\u00edmites de 2026 \u2013 Reembolsos est\u00e1ndar<\/strong><\/p>\n<ul>\n<li>$40,000 por edificio<\/li>\n<li>$80,000 por propietario<\/li>\n<\/ul>\n<p class=\"ul-title\"><strong>L\u00edmites de 2026 \u2013 Reembolsos prioritarios de equidad<\/strong><\/p>\n<ul>\n<li>$80,000 por edificio<\/li>\n<li>$160,000 por propietario<\/li>\n<\/ul>\n<p>PACE se reserva el derecho de eximir o ajustar los l\u00edmites seg\u00fan cada caso. Los montos y la disponibilidad de los reembolsos pueden variar. Los reembolsos se otorgan por orden de solicitud mientras haya fondos disponibles, y podr\u00eda requerirse una preaprobaci\u00f3n. Para confirmar la disponibilidad de fondos, asegurarse de que su proyecto cumpla con los requisitos de elegibilidad y programar una evaluaci\u00f3n energ\u00e9tica\/visita del proyecto para verificar el equipo existente, las empresas deben contactar a un asesor antes de adquirir las medidas que cumplan los requisitos.  <\/p>\n<p>Los fondos para los reembolsos e incentivos de PACE provienen del Impuesto de Sostenibilidad del Condado de Boulder, el Impuesto Clim\u00e1tico de la Ciudad de Boulder y la Ciudad de Louisville.[\/vc_column_text][\/vc_column][\/vc_row][vc_row top_padding=\u00bb0&#8243;][vc_column width=\u00bb1\/1&#8243;][vc_column_text]<\/p>\n<h2>Eficiencia energ\u00e9tica y electrificaci\u00f3n<\/h2>\n<p>[\/vc_column_text]<div class=\"divider divider1\" style='margin:0 0 20px 0 !important;'><\/div>[\/vc_column][\/vc_row][vc_row bottom_padding=\u00bb40&#8243;][vc_column el_class=\u00bbrebates-nav-extra-class\u00bb column_padding=\u00bbpadding-2&#8243; width=\u00bb1\/3&#8243;][vc_single_image image=\u00bb20319&#8243; img_size=\u00bbfull\u00bb css=\u00bb\u00bb][\/vc_column][vc_column column_padding=\u00bbpadding-2&#8243; width=\u00bb2\/3&#8243;][vc_column_text]<\/p>\n<h3>Hay descuentos disponibles para:<\/h3>\n<ul>\n<li>Equipos de refrigeraci\u00f3n y calefacci\u00f3n (HVAC), como bombas de calor<\/li>\n<li>Calentadores el\u00e9ctricos de agua<\/li>\n<li>Electrificaci\u00f3n de edificios y mejoras de infraestructura<\/li>\n<li>Equipos de restaurante<\/li>\n<li>\u00a1Y mas!<\/li>\n<\/ul>\n<p>[\/vc_column_text]<div class=\"spacer\" style=\"height: 40px;\"><\/div><a href=\"https:\/\/pacepartners.com\/rebates-incentives\/energy\/\" target=\"_self\" class=\"button color-1 small \" style=\"border-radius: ;\">Energy Efficiency and Electrification Rebates<\/a>[\/vc_column][\/vc_row][vc_row top_padding=\u00bb0&#8243;][vc_column width=\u00bb1\/1&#8243;][vc_column_text]<\/p>\n<h2>Reducci\u00f3n de residuos<\/h2>\n<p>[\/vc_column_text]<div class=\"divider divider1\" style='margin:0 0 20px 0 !important;'><\/div>[\/vc_column][\/vc_row][vc_row bottom_padding=\u00bb40&#8243;][vc_column el_class=\u00bbrebates-nav-extra-class\u00bb column_padding=\u00bbpadding-2&#8243; width=\u00bb1\/3&#8243;][vc_single_image image=\u00bb20336&#8243; img_size=\u00bbfull\u00bb css=\u00bb\u00bb][\/vc_column][vc_column column_padding=\u00bbpadding-2&#8243; width=\u00bb2\/3&#8243;][vc_column_text]<\/p>\n<h3>Hay incentivos disponibles para:<\/h3>\n<ul>\n<li>Cumplimiento de la ordenanza municipal sobre residuos cero<\/li>\n<li>Bolsas compostables<\/li>\n<li>Carteles personalizados para contenedores de residuos<\/li>\n<li>Contenedores de reciclaje, compost y basura para interiores<\/li>\n<li>Formaci\u00f3n de los empleados<\/li>\n<\/ul>\n<p>[\/vc_column_text]<div class=\"spacer\" style=\"height: 40px;\"><\/div><a href=\"https:\/\/pacepartners.com\/rebates-incentives\/waste\/\" target=\"_self\" class=\"button color-1 small \" style=\"border-radius: ;\">Waste Reduction Incentives<\/a>[\/vc_column][\/vc_row][vc_row top_padding=\u00bb0&#8243;][vc_column width=\u00bb1\/1&#8243;][vc_column_text]<\/p>\n<h2>Conservaci\u00f3n de agua y protecci\u00f3n de agua pluvial<\/h2>\n<p>[\/vc_column_text]<div class=\"divider divider1\" style='margin:0 0 20px 0 !important;'><\/div>[\/vc_column][\/vc_row][vc_row bottom_padding=\u00bb40&#8243;][vc_column el_class=\u00bbrebates-nav-extra-class\u00bb column_padding=\u00bbpadding-2&#8243; width=\u00bb1\/3&#8243;][vc_single_image image=\u00bb20338&#8243; img_size=\u00bbfull\u00bb css=\u00bb\u00bb][\/vc_column][vc_column column_padding=\u00bbpadding-2&#8243; width=\u00bb2\/3&#8243;][vc_column_text]<\/p>\n<h3>Hay incentivos disponibles para:<\/h3>\n<ul>\n<li>Aireadores para fregaderos<\/li>\n<li>Irrigation assessments<\/li>\n<li>V\u00e1lvulas rociadoras para preenjuague<\/li>\n<\/ul>\n<p>[\/vc_column_text]<div class=\"spacer\" style=\"height: 40px;\"><\/div><a href=\"https:\/\/pacepartners.com\/rebates-incentives\/water\/\" target=\"_self\" class=\"button color-1 small \" style=\"border-radius: ;\">Water Conservation and Stormwater Protection Incentives<\/a>[\/vc_column][\/vc_row][vc_row top_padding=\u00bb0&#8243;][vc_column width=\u00bb1\/1&#8243;][vc_column_text]<\/p>\n<h2>Transporte<\/h2>\n<p>[\/vc_column_text]<div class=\"divider divider1\" style='margin:0 0 20px 0 !important;'><\/div>[\/vc_column][\/vc_row][vc_row bottom_padding=\u00bb40&#8243;][vc_column el_class=\u00bbrebates-nav-extra-class\u00bb column_padding=\u00bbpadding-2&#8243; width=\u00bb1\/3&#8243;][vc_single_image image=\u00bb19514&#8243; img_size=\u00bbfull\u00bb css=\u00bb\u00bb][\/vc_column][vc_column column_padding=\u00bbpadding-2&#8243; width=\u00bb2\/3&#8243;][vc_column_text]<\/p>\n<h3>Podemos ayudarle a obtener informaci\u00f3n sobre:<\/h3>\n<ul>\n<li style=\"list-style-type: none\">\n<ul>\n<li>Estaciones de recarga de veh\u00edculos el\u00e9ctricos y veh\u00edculos el\u00e9ctricos<\/li>\n<li>Pases de transporte p\u00fablico EcoPass<\/li>\n<li>Employee commute education<\/li>\n<\/ul>\n<\/li>\n<\/ul>\n<p>[\/vc_column_text]<div class=\"spacer\" style=\"height: 40px;\"><\/div><a href=\"https:\/\/pacepartners.com\/rebates-incentives\/transportation\/\" target=\"_self\" class=\"button color-1 small \" style=\"border-radius: ;\">Transportation Information<\/a>[\/vc_column][\/vc_row][vc_row][vc_column width=\u00bb1\/1&#8243;]<div class=\"spacer\" style=\"height: 60px;\"><\/div>[\/vc_column][\/vc_row]<\/p>\n<\/div>","protected":false},"excerpt":{"rendered":"<p>[vc_row top_padding=\u00bb20&#8243; bottom_padding=\u00bb20&#8243;][vc_column width=\u00bb1\/1&#8243;][vc_column_text] Reembolsos y Subsidios [\/vc_column_text][\/vc_column][\/vc_row][vc_row top_padding=\u00bb0&#8243; bottom_padding=\u00bb40&#8243;][vc_column width=\u00bb1\/1&#8243;][vc_column_text]Partners for a Clean Environment (PACE) ha trabajado con m\u00e1s de 2100 empresas en el condado de Boulder, ayud\u00e1ndolas a acceder a reembolsos y subvenciones para realizar cambios significativos hacia la sostenibilidad y la electrificaci\u00f3n. Nuestros asesores tambi\u00e9n ayudan a las empresas a tomar decisiones inteligentes que mejoran sus operaciones y reducen su impacto medioambiental. PACE ofrece descuentos, incentivos y asesoramiento en materia de eficiencia energ\u00e9tica y electrificaci\u00f3n, reducci\u00f3n de residuos, eficiencia h\u00eddrica y transporte. Disponemos de descuentos y subvenciones adicionales para los propietarios de edificios prioritarios de equidad y los propietarios de peque\u00f1as empresas del condado de Boulder. Elija un \u00e1rea del programa a continuaci\u00f3n para obtener m\u00e1s informaci\u00f3n sobre lo que PACE puede hacer por su negocio. Si no est\u00e1 seguro de por d\u00f3nde empezar, p\u00f3ngase en contacto con uno de nuestros asesores, que le ayudar\u00e1 a dar los primeros pasos. L\u00edmites de 2026 \u2013 Reembolsos est\u00e1ndar $40,000 por edificio $80,000 por propietario L\u00edmites de 2026 \u2013 Reembolsos prioritarios de equidad $80,000 por edificio $160,000 por propietario PACE se reserva el derecho de eximir o ajustar los l\u00edmites seg\u00fan cada caso. Los montos y la disponibilidad de los [&hellip;]<\/p>\n","protected":false},"author":3003,"featured_media":0,"parent":0,"menu_order":0,"comment_status":"closed","ping_status":"open","template":"","meta":{"_acf_changed":false,"footnotes":""},"class_list":["post-20555","page","type-page","status-publish","hentry"],"acf":[],"_links":{"self":[{"href":"https:\/\/pacepartners.com\/es\/wp-json\/wp\/v2\/pages\/20555","targetHints":{"allow":["GET"]}}],"collection":[{"href":"https:\/\/pacepartners.com\/es\/wp-json\/wp\/v2\/pages"}],"about":[{"href":"https:\/\/pacepartners.com\/es\/wp-json\/wp\/v2\/types\/page"}],"author":[{"embeddable":true,"href":"https:\/\/pacepartners.com\/es\/wp-json\/wp\/v2\/users\/3003"}],"replies":[{"embeddable":true,"href":"https:\/\/pacepartners.com\/es\/wp-json\/wp\/v2\/comments?post=20555"}],"version-history":[{"count":5,"href":"https:\/\/pacepartners.com\/es\/wp-json\/wp\/v2\/pages\/20555\/revisions"}],"predecessor-version":[{"id":20885,"href":"https:\/\/pacepartners.com\/es\/wp-json\/wp\/v2\/pages\/20555\/revisions\/20885"}],"wp:attachment":[{"href":"https:\/\/pacepartners.com\/es\/wp-json\/wp\/v2\/media?parent=20555"}],"curies":[{"name":"wp","href":"https:\/\/api.w.org\/{rel}","templated":true}]}}