{"id":20546,"date":"2018-05-22T16:30:46","date_gmt":"2018-05-22T22:30:46","guid":{"rendered":"https:\/\/pacepartners.com\/partners-for-a-clean-environment\/"},"modified":"2026-03-10T09:57:57","modified_gmt":"2026-03-10T15:57:57","slug":"partners-for-a-clean-environment","status":"publish","type":"page","link":"https:\/\/pacepartners.com\/es\/","title":{"rendered":"Partners for a Clean Environment"},"content":{"rendered":"<div class=\"wpb-content-wrapper\"><p>[vc_section full_width=\u00bbstretch_row_content\u00bb el_class=\u00bbpage_hero_img\u00bb][vc_row type=\u00bbfull_width_section\u00bb][vc_column width=\u00bb1\/1&#8243;]<div class=\"single_image wpb_content_element align-left    \" data-animation=\"none\" data-delay=\"0\"><img loading=\"lazy\" decoding=\"async\" width=\"2560\" height=\"490\" src=\"https:\/\/pacepartners.com\/wp-content\/uploads\/sites\/4\/2025\/11\/home-header.jpg\" class=\"attachment-full\" alt=\"\" title=\"home-header\" srcset=\"https:\/\/pacepartners.com\/wp-content\/uploads\/sites\/4\/2025\/11\/home-header.jpg 2560w, https:\/\/pacepartners.com\/wp-content\/uploads\/sites\/4\/2025\/11\/home-header-300x57.jpg 300w, https:\/\/pacepartners.com\/wp-content\/uploads\/sites\/4\/2025\/11\/home-header-1024x196.jpg 1024w, https:\/\/pacepartners.com\/wp-content\/uploads\/sites\/4\/2025\/11\/home-header-768x147.jpg 768w, https:\/\/pacepartners.com\/wp-content\/uploads\/sites\/4\/2025\/11\/home-header-1536x294.jpg 1536w, https:\/\/pacepartners.com\/wp-content\/uploads\/sites\/4\/2025\/11\/home-header-2048x392.jpg 2048w\" sizes=\"auto, (max-width: 2560px) 100vw, 2560px\" \/><\/div>[\/vc_column][\/vc_row][\/vc_section][vc_row bg_color=\u00bb#003E34&#8243; text_color=\u00bblight\u00bb text_align=\u00bbcenter\u00bb top_padding=\u00bb20&#8243; bottom_padding=\u00bb20&#8243; mobile_landscape_visibility=\u00bbhide\u00bb mobile_portrait_visibility=\u00bbhide\u00bb][vc_column width=\u00bb1\/6&#8243;][\/vc_column][vc_column width=\u00bb2\/3&#8243;][vc_column_text]<\/p>\n<p style=\"font-family: 'Montserrat', Helvetica, sans-serif; font-weight: 500; font-size: 1.2rem;\">Brindamos asesoramiento gratuito y apoyo financiero para ayudar a las empresas del condado de Boulder a mejorar sus operaciones e implementar pr\u00e1cticas sustentables.<\/p>\n<p>[\/vc_column_text][\/vc_column][vc_column width=\u00bb1\/6&#8243;][\/vc_column][\/vc_row][vc_row top_padding=\u00bb40&#8243; bottom_padding=\u00bb20&#8243;][vc_column width=\u00bb1\/1&#8243;][vc_column_text]<\/p>\n<h1>Partners for a Clean Environment<\/h1>\n<p>[\/vc_column_text][\/vc_column][\/vc_row][vc_row top_padding=\u00bb0&#8243; bottom_padding=\u00bb40&#8243;][vc_column width=\u00bb1\/2&#8243;][vc_column_text]<\/p>\n<h2>Qu\u00e9 hacemos<\/h2>\n<p>Socios para un Medio Ambiente Limpio (por sus siglas al ingl\u00e9s, Partners for a Clean Environment, PACE) ofrece apoyo personalizado a diversas organizaciones de la comunidad empresarial del Condado de Boulder. Ya sea que gestione un local f\u00edsico o un negocio m\u00f3vil, sea propietario o administrador de propiedades comerciales, o sea contratista trabajando en propiedades comerciales, estamos listos para ayudarle. <\/p>\n<h2>C\u00f3mo trabajamos<\/h2>\n<p>Los programas PACE se centran en cuatro \u00e1reas principales: <a href=\"https:\/\/pacepartners.com\/es\/reembolsos-y-subsidios\/eficiencia-energetica-y-electrificacion\/\">energ\u00eda<\/a>, <a href=\"https:\/\/pacepartners.com\/es\/reembolsos-y-subsidios\/conservacion-de-agua\/\">agua<\/a>, <a href=\"https:\/\/pacepartners.com\/es\/reembolsos-y-subsidios\/programa-de-cero-residuos\/\">residuos<\/a> y <a href=\"https:\/\/pacepartners.com\/es\/reembolsos-y-subsidios\/transporte\/\">transporte<\/a>. Damos prioridad a los proyectos centrados en la eficiencia energ\u00e9tica y la electrificaci\u00f3n (es decir, el cambio de equipos que funcionan con combustibles f\u00f3siles por alternativas el\u00e9ctricas). Estas mejoras tienen el mayor impacto en las emisiones, la salud y el confort, y son la forma m\u00e1s impactante de mejorar tu edificio o equipo.[\/vc_column_text][\/vc_column][vc_column width=\u00bb1\/2&#8243;]<div class=\"video-embed  wpb_content_element\"><iframe loading=\"lazy\" title=\"About Partners for A Clean Environment PACE - Short\" width=\"1161\" height=\"653\" src=\"https:\/\/www.youtube.com\/embed\/Dw9uKJhAnv0?feature=oembed\" frameborder=\"0\" allow=\"accelerometer; autoplay; clipboard-write; encrypted-media; gyroscope; picture-in-picture; web-share\" referrerpolicy=\"strict-origin-when-cross-origin\" allowfullscreen><\/iframe><\/div>[\/vc_column][\/vc_row][vc_row bottom_padding=\u00bb60&#8243;][vc_column width=\u00bb1\/3&#8243;]<div class=\"single_image wpb_content_element align-left    \" data-animation=\"none\" data-delay=\"0\"><img loading=\"lazy\" decoding=\"async\" width=\"800\" height=\"500\" src=\"https:\/\/pacepartners.com\/wp-content\/uploads\/sites\/4\/2025\/11\/rebates.jpg\" class=\"attachment-full\" alt=\"\" title=\"rebates\" srcset=\"https:\/\/pacepartners.com\/wp-content\/uploads\/sites\/4\/2025\/11\/rebates.jpg 800w, https:\/\/pacepartners.com\/wp-content\/uploads\/sites\/4\/2025\/11\/rebates-300x188.jpg 300w, https:\/\/pacepartners.com\/wp-content\/uploads\/sites\/4\/2025\/11\/rebates-768x480.jpg 768w\" sizes=\"auto, (max-width: 800px) 100vw, 800px\" \/><\/div><div class=\"spacer\" style=\"height: 20px;\"><\/div>[vc_column_text]<\/p>\n<h3>Reembolsos y Subsidios<\/h3>\n<p>[\/vc_column_text]<div class=\"spacer\" style=\"height: 10px;\"><\/div>[vc_column_text]Sabemos lo r\u00e1pido que se acumulan los costos al administrar un negocio. Por eso, las empresas del condado de Boulder pueden calificar para recibir hasta $50,000* en subvenciones y reembolsos trabajando con un asesor de PACE. <\/p>\n<p>*PACE se reserva el derecho de ajustar o eliminar este l\u00edmite.[\/vc_column_text]<div class=\"spacer\" style=\"height: 25px;\"><\/div>[vc_btn title=\u00bbExplorar financiaci\u00f3n\u00bb size=\u00bbsm\u00bb align=\u00bbcenter\u00bb css=\u00bb\u00bb link=\u00bburl:https%3A%2F%2Fpacepartners.com%2Fes%2Freembolsos-y-subsidios%2F|\u00bb][\/vc_column][vc_column width=\u00bb1\/3&#8243;]<div class=\"single_image wpb_content_element align-left    \" data-animation=\"none\" data-delay=\"0\"><img loading=\"lazy\" decoding=\"async\" width=\"800\" height=\"500\" src=\"https:\/\/pacepartners.com\/wp-content\/uploads\/sites\/4\/2025\/11\/small-businesses.jpg\" class=\"attachment-full\" alt=\"\" title=\"small-businesses\" srcset=\"https:\/\/pacepartners.com\/wp-content\/uploads\/sites\/4\/2025\/11\/small-businesses.jpg 800w, https:\/\/pacepartners.com\/wp-content\/uploads\/sites\/4\/2025\/11\/small-businesses-300x188.jpg 300w, https:\/\/pacepartners.com\/wp-content\/uploads\/sites\/4\/2025\/11\/small-businesses-768x480.jpg 768w\" sizes=\"auto, (max-width: 800px) 100vw, 800px\" \/><\/div><div class=\"spacer\" style=\"height: 20px;\"><\/div>[vc_column_text]<\/p>\n<h3>Programas para peque\u00f1as empresas<\/h3>\n<p>[\/vc_column_text]<div class=\"spacer\" style=\"height: 10px;\"><\/div>[vc_column_text]Nuestros expertos asesores est\u00e1n listos para ayudar a su empresa a realizar inversiones importantes y sostenibles que le benefician a usted y a sus clientes. Desde restaurantes locales hasta paisajistas, estamos listos para conocer su negocio y encontrar (\u00a1y ayudarle a financiar!) una soluci\u00f3n que funcione para todo su equipo.[\/vc_column_text]<div class=\"spacer\" style=\"height: 45px;\"><\/div>[vc_btn title=\u00bbExplore programas\u00bb size=\u00bbsm\u00bb align=\u00bbcenter\u00bb css=\u00bb\u00bb link=\u00bburl:https%3A%2F%2Fpacepartners.com%2Fes%2Fpequenas-empresas%2F|\u00bb][\/vc_column][vc_column width=\u00bb1\/3&#8243;]<div class=\"single_image wpb_content_element align-left    \" data-animation=\"none\" data-delay=\"0\"><img loading=\"lazy\" decoding=\"async\" width=\"800\" height=\"500\" src=\"https:\/\/pacepartners.com\/wp-content\/uploads\/sites\/4\/2025\/11\/experts.jpg\" class=\"attachment-full\" alt=\"\" title=\"experts\" srcset=\"https:\/\/pacepartners.com\/wp-content\/uploads\/sites\/4\/2025\/11\/experts.jpg 800w, https:\/\/pacepartners.com\/wp-content\/uploads\/sites\/4\/2025\/11\/experts-300x188.jpg 300w, https:\/\/pacepartners.com\/wp-content\/uploads\/sites\/4\/2025\/11\/experts-768x480.jpg 768w\" sizes=\"auto, (max-width: 800px) 100vw, 800px\" \/><\/div><div class=\"spacer\" style=\"height: 20px;\"><\/div>[vc_column_text]<\/p>\n<h3>Servicios de asesoramiento experto<\/h3>\n<p>[\/vc_column_text]<div class=\"spacer\" style=\"height: 10px;\"><\/div>[vc_column_text]Nuestro equipo ayuda a la mayor\u00eda de las empresas del condado de Boulder ofreciendo consultas exhaustivas y gratuitas con nuestros asesores expertos. Estos profesionales del sector estar\u00e1n encantados de conocer su negocio y de acompa\u00f1arlo en su situaci\u00f3n actual. Le ayudar\u00e1n a conectar con los programas m\u00e1s adecuados para su negocio y sus objetivos de sostenibilidad.[\/vc_column_text]<div class=\"spacer\" style=\"height: 22px;\"><\/div>[vc_btn title=\u00bbConecte con un asesor\u00bb size=\u00bbsm\u00bb align=\u00bbcenter\u00bb css=\u00bb\u00bb link=\u00bburl:https%3A%2F%2Fpacepartners.com%2Fes%2Fpequenas-empresas%2F|\u00bb][\/vc_column][\/vc_row]<\/p>\n<\/div>","protected":false},"excerpt":{"rendered":"<p>[vc_section full_width=\u00bbstretch_row_content\u00bb el_class=\u00bbpage_hero_img\u00bb][vc_row type=\u00bbfull_width_section\u00bb][vc_column width=\u00bb1\/1&#8243;][\/vc_column][\/vc_row][\/vc_section][vc_row bg_color=\u00bb#003E34&#8243; text_color=\u00bblight\u00bb text_align=\u00bbcenter\u00bb top_padding=\u00bb20&#8243; bottom_padding=\u00bb20&#8243; mobile_landscape_visibility=\u00bbhide\u00bb mobile_portrait_visibility=\u00bbhide\u00bb][vc_column width=\u00bb1\/6&#8243;][\/vc_column][vc_column width=\u00bb2\/3&#8243;][vc_column_text] Brindamos asesoramiento gratuito y apoyo financiero para ayudar a las empresas del condado de Boulder a mejorar sus operaciones e implementar pr\u00e1cticas sustentables. [\/vc_column_text][\/vc_column][vc_column width=\u00bb1\/6&#8243;][\/vc_column][\/vc_row][vc_row top_padding=\u00bb40&#8243; bottom_padding=\u00bb20&#8243;][vc_column width=\u00bb1\/1&#8243;][vc_column_text] Partners for a Clean Environment [\/vc_column_text][\/vc_column][\/vc_row][vc_row top_padding=\u00bb0&#8243; bottom_padding=\u00bb40&#8243;][vc_column width=\u00bb1\/2&#8243;][vc_column_text] Qu\u00e9 hacemos Socios para un Medio Ambiente Limpio (por sus siglas al ingl\u00e9s, Partners for a Clean Environment, PACE) ofrece apoyo personalizado a diversas organizaciones de la comunidad empresarial del Condado de Boulder. Ya sea que gestione un local f\u00edsico o un negocio m\u00f3vil, sea propietario o administrador de propiedades comerciales, o sea contratista trabajando en propiedades comerciales, estamos listos para ayudarle. C\u00f3mo trabajamos Los programas PACE se centran en cuatro \u00e1reas principales: energ\u00eda, agua, residuos y transporte. Damos prioridad a los proyectos centrados en la eficiencia energ\u00e9tica y la electrificaci\u00f3n (es decir, el cambio de equipos que funcionan con combustibles f\u00f3siles por alternativas el\u00e9ctricas). Estas mejoras tienen el mayor impacto en las emisiones, la salud y el confort, y son la forma m\u00e1s impactante de mejorar tu edificio o equipo.[\/vc_column_text][\/vc_column][vc_column width=\u00bb1\/2&#8243;][\/vc_column][\/vc_row][vc_row bottom_padding=\u00bb60&#8243;][vc_column width=\u00bb1\/3&#8243;][vc_column_text] Reembolsos y Subsidios [\/vc_column_text][vc_column_text]Sabemos lo r\u00e1pido que se acumulan los costos al administrar un negocio. [&hellip;]<\/p>\n","protected":false},"author":3003,"featured_media":0,"parent":0,"menu_order":0,"comment_status":"closed","ping_status":"open","template":"","meta":{"_acf_changed":false,"footnotes":""},"class_list":["post-20546","page","type-page","status-publish","hentry"],"acf":[],"_links":{"self":[{"href":"https:\/\/pacepartners.com\/es\/wp-json\/wp\/v2\/pages\/20546","targetHints":{"allow":["GET"]}}],"collection":[{"href":"https:\/\/pacepartners.com\/es\/wp-json\/wp\/v2\/pages"}],"about":[{"href":"https:\/\/pacepartners.com\/es\/wp-json\/wp\/v2\/types\/page"}],"author":[{"embeddable":true,"href":"https:\/\/pacepartners.com\/es\/wp-json\/wp\/v2\/users\/3003"}],"replies":[{"embeddable":true,"href":"https:\/\/pacepartners.com\/es\/wp-json\/wp\/v2\/comments?post=20546"}],"version-history":[{"count":14,"href":"https:\/\/pacepartners.com\/es\/wp-json\/wp\/v2\/pages\/20546\/revisions"}],"predecessor-version":[{"id":20884,"href":"https:\/\/pacepartners.com\/es\/wp-json\/wp\/v2\/pages\/20546\/revisions\/20884"}],"wp:attachment":[{"href":"https:\/\/pacepartners.com\/es\/wp-json\/wp\/v2\/media?parent=20546"}],"curies":[{"name":"wp","href":"https:\/\/api.w.org\/{rel}","templated":true}]}}